{"id":2558,"date":"2023-05-12T13:11:25","date_gmt":"2023-05-12T11:11:25","guid":{"rendered":"http:\/\/calfregues.com\/politica-de-privacitat\/"},"modified":"2023-12-04T11:22:36","modified_gmt":"2023-12-04T09:22:36","slug":"politica-de-privacidad","status":"publish","type":"page","link":"https:\/\/www.calfregues.com\/es\/politica-de-privacidad\/","title":{"rendered":"Pol\u00edtica de privacidad"},"content":{"rendered":"\n<div class=\"wp-block-group alignfull first-block is-layout-constrained wp-block-group-is-layout-constrained\">\n<div class=\"wp-block-columns container-wrapper is-layout-flex wp-container-core-columns-is-layout-9d6595d7 wp-block-columns-is-layout-flex\">\n<div class=\"wp-block-column is-layout-flow wp-block-column-is-layout-flow\">\n<p class=\"fade fadeOut has-primary-color has-text-color has-title-h-3-font-size\">Pol\u00edtica de privacidad<\/p>\n<\/div>\n<\/div>\n<\/div>\n\n\n\n<div style=\"height:15px\" aria-hidden=\"true\" class=\"wp-block-spacer hidde-lg\"><\/div>\n\n\n\n<p class=\"fade fadeOut\">En cumplimiento del REGLAMENTO (UE) 2016\/679 DEL PARLAMENTO EUROPEO Y DEL CONSEJO de 27 de Abril de 2016, relativo a la protecci\u00f3n de las personas f\u00edsicas en cuanto al tratamiento de datos personales ya la libre circulaci\u00f3n de estos datos ya la ley Org\u00e1nica 3\/2018, de 5 de diciembre, de Protecci\u00f3n de Datos Personales y garant\u00eda de los derechos digitales, queda informado que los datos personales proporcionados por usted\u2002a trav\u00e9s del sitio web calfregues.com (en adelante el sitio web), ser\u00e1n tratados en los siguientes t\u00e9rminos:<\/p>\n\n\n\n<p class=\"fade fadeOut has-menubutton-font-size\"><br><strong>Responsable del tratamiento<\/strong><\/p>\n\n\n\n<p class=\"fade fadeOut\"><br>Los datos personales recabados a trav\u00e9s de este sitio web ser\u00e1n tratados por CAL FREGUES S.L.P, con domicilio para el ejercicio de derechos a CL. EUGENI D\u2019ORS, 2 LC \u2013 08720 VILAFRANCA DEL PENEDES (Barcelona). E-mail: hola@calfregues.com.<br>Datos de contacto del delegado de protecci\u00f3n de datos: c\/ Santiago Rusi\u00f1ol 8 Local 11, 08750, Molins de Rei -dpo.calfregues@gmail.com<\/p>\n\n\n\n<p class=\"fade fadeOut has-menubutton-font-size\"><br><strong>Finalidades del tratamiento<\/strong><br><br><\/p>\n\n\n\n<ul class=\"fade fadeOut custom-list wp-block-list\">\n<li>Informarle sobre nuestros productos y servicios, cuando as\u00ed lo solicite mediante los formularios del sitio web o por correo electr\u00f3nico.<\/li>\n\n\n\n<li>Dar respuesta y gestionar sus consultas, comentarios y sugerencias, en su caso.<\/li>\n\n\n\n<li>Gestionar su participaci\u00f3n en presentes y futuros procesos de selecci\u00f3n, cuando nos haga llegar sus datos (incluido su curr\u00edculum) con esta finalidad.<\/li>\n\n\n\n<li>Gestionar su pedido, en caso de que realice alg\u00fan pedido a trav\u00e9s del sitio web.<\/li>\n\n\n\n<li>Con el fin de obtener informaci\u00f3n del uso del sitio web, se analiza el n\u00famero de p\u00e1ginas visitadas, el n\u00famero de visitas, as\u00ed como la actividad de los visitantes y su frecuencia de uso. A estos efectos, el RESPONSABLE utiliza informaci\u00f3n estad\u00edstica elaborada por el Proveedor de Servicios de Internet que no permite identificar al interesado en ning\u00fan momento.<\/li>\n<\/ul>\n\n\n\n<p class=\"fade fadeOut has-menubutton-font-size\"><br><strong>Legitimaci\u00f3<\/strong>n<\/p>\n\n\n\n<p class=\"fade fadeOut\"><br><\/p>\n\n\n\n<p class=\"fade fadeOut\"><strong>Consentimiento. <\/strong>Los datos personales obtenidos mediante los formularios del sitio web ser\u00e1n tratados s\u00f3lo en base al consentimiento otorgado por parte del interesado, mediante la aceptaci\u00f3n de la casilla dispuesta a tal efecto. Este consentimiento puede retirarse en cualquier momento.<\/p>\n\n\n\n<p class=\"fade fadeOut\"><strong>Inter\u00e9s leg\u00edtimo del responsable.<\/strong> La informaci\u00f3n\u2002estad\u00edstica obtenida del sitio web ser\u00e1 tratada en base al inter\u00e9s leg\u00edtimo del responsable. Esta informaci\u00f3n no permite identificar al usuario.<\/p>\n\n\n\n<p class=\"fade fadeOut\"><strong>Ejecuci\u00f3n\u2002de un contrato.<\/strong> El tratamiento realizado para la gesti\u00f3n de los pedidos solicitados mediante la tienda online est\u00e1 basado en la ejecuci\u00f3n\u2002de un contrato del que el interesado es parte o para su aplicaci\u00f3n a su petici\u00f3n de medidas precontractuales.<\/p>\n\n\n\n<p class=\"fade fadeOut\"><br><\/p>\n\n\n\n<p class=\"fade fadeOut has-menubutton-font-size\"><br><strong>Destinatarios<\/strong><\/p>\n\n\n\n<p class=\"fade fadeOut\"><br><\/p>\n\n\n\n<p class=\"fade fadeOut\">Los datos personales obtenidos a trav\u00e9s del sitio web podr\u00e1n ser comunicados a la entidad financiera correspondiente cuando sea necesario para gestionar el pago de los pedidos realizados, as\u00ed como a la empresa de mensajer\u00eda, cuando sea necesario.<br>Los datos personales obtenidos a trav\u00e9s del sitio web podr\u00e1n ser comunicados a la entidad financiera correspondiente cuando sea necesario para gestionar el pago de los pedidos realizados, as\u00ed como a la empresa de mensajer\u00eda, cuando sea necesario.<\/p>\n\n\n\n<p class=\"fade fadeOut has-menubutton-font-size\"><br><strong>Conservaci\u00f3n<\/strong><\/p>\n\n\n\n<p class=\"fade fadeOut\">Los datos personales facilitados por el usuario para recibir comunicaciones comerciales ser\u00e1n conservados mientras el interesado no solicite su supresi\u00f3n o retire su consentimiento.<br>Cuando el usuario env\u00ede sus datos personales para participar en procesos de selecci\u00f3n del RESPONSABLE, los datos ser\u00e1n tratados para participar en presentes procesos de selecci\u00f3n y si no fuera seleccionado, se conservar\u00e1n sus datos personales durante un per\u00edodo de dos a\u00f1os con la finalidad poder contar con su participaci\u00f3n en futuros procesos.<br>Cuando el usuario env\u00ede sus datos para contactar con el RESPONSABLE, realizar consultas o sugerencias, los datos se conservar\u00e1n mientras sea necesario para este fin y puedan derivarse responsabilidades del tratamiento.<br>Datos de tr\u00e1fico, estad\u00edsticos y visitas web: las datos ser\u00e1n conservadas durante el plazo de tres a\u00f1os.<\/p>\n\n\n\n<p class=\"fade fadeOut has-menubutton-font-size\"><br><strong>Derechos<\/strong><\/p>\n\n\n\n<p class=\"fade fadeOut\">Puede ejercer los derechos de acceso, rectificaci\u00f3n, supresi\u00f3n y portabilidad de sus datos y de limitaci\u00f3n y oposici\u00f3n a su tratamiento, mediante escrito acompa\u00f1ado de documento oficial que lo identifique dirigido a CL. EUGENI DE ORS, 2 LC \u2013 08720 VILAFRANCA DEL PENEDES (Barcelona). E-mail: hola@calfregues.com. En caso de disconformidad con el tratamiento, tambi\u00e9n tiene derecho a presentar una reclamaci\u00f3n\u2002ante la Agencia Espa\u00f1ola de Protecci\u00f3n de Datos (www.aepd.es).<\/p>\n\n\n\n<p class=\"fade fadeOut has-menubutton-font-size\"><br><strong>Pol\u00edtica de protecci\u00f3n de menores<\/strong><\/p>\n\n\n\n<p class=\"fade fadeOut\">Quien facilita los datos a trav\u00e9s de los formularios de esta Web y acepta su tratamiento declara formalmente ser mayor de 18 a\u00f1os. Queda prohibido el acceso y uso del portal a menores de 14 a\u00f1os.<br>El RESPONSABLE recuerda a las personas mayores de edad que tengan menores a su cargo, que ser\u00e1 de su exclusiva responsabilidad si alg\u00fan menor incorpora sus datos para solicitar alg\u00fan producto.<br>Tambi\u00e9n se les informa que existen programas inform\u00e1ticos para limitar la navegaci\u00f3n mediante el flitraje o bloqueo de determinados contenidos.<\/p>\n\n\n\n<p class=\"fade fadeOut has-menubutton-font-size\"><br><strong>Tratamiento derivado del uso de las redes sociales<\/strong><\/p>\n\n\n\n<p class=\"fade fadeOut\">Al seguir nuestro perfil en las redes sociales, consiente expresamente en el tratamiento de sus datos personales de acuerdo con la pol\u00edtica de privacidad de la correspondiente red social. Tambi\u00e9n consiente expresamente en el acceso del RESPONSABLE al tratamiento de los datos contenidos en su perfil y en que las noticias publicadas sobre cualquier producto del RESPONSABLE aparezcan en su muro. Su petici\u00f3n para conectar implica necesariamente su consentimiento para dichos tratamientos, siendo \u00e9sta la base legal del tratamiento. Los datos se conservar\u00e1n mientras el interesado no solicite la oposici\u00f3n o retire su consentimiento, que puede retirar en cualquier momento.<br>La publicaci\u00f3n de comentarios y contenidos en las redes sociales se convertir\u00e1n en informaci\u00f3n p\u00fablica, por lo que los usuarios tendr\u00e1n que tener especial cuidado cuando decidan compartir su informaci\u00f3n personal. El RESPONSABLE no se hace responsable de la informaci\u00f3n que los usuarios incorporen a la p\u00e1gina. No obstante, las personas cuyos datos personales sean publicados o est\u00e9n incluidos en comentarios, podr\u00e1n solicitar al RESPONSABLE su cancelaci\u00f3n.<\/p>\n\n\n\n<div style=\"height:50px\" aria-hidden=\"true\" class=\"wp-block-spacer\"><\/div>\n","protected":false},"excerpt":{"rendered":"<p>Pol\u00edtica de privacidad En cumplimiento del REGLAMENTO (UE) 2016\/679 DEL PARLAMENTO EUROPEO Y DEL CONSEJO de 27 de Abril de 2016, relativo a la protecci\u00f3n de las personas f\u00edsicas en cuanto al tratamiento de datos personales ya la libre circulaci\u00f3n de estos datos ya la ley Org\u00e1nica 3\/2018, de 5 de diciembre, de Protecci\u00f3n de [&hellip;]<\/p>\n","protected":false},"author":2,"featured_media":0,"parent":0,"menu_order":0,"comment_status":"closed","ping_status":"closed","template":"","meta":{"_acf_changed":false,"footnotes":""},"class_list":["post-2558","page","type-page","status-publish","hentry"],"acf":[],"yoast_head":"<!-- This site is optimized with the Yoast SEO plugin v27.4 - https:\/\/yoast.com\/product\/yoast-seo-wordpress\/ -->\n<title>Pol\u00edtica de privacidad | cal Fregues<\/title>\n<meta name=\"robots\" content=\"index, follow, max-snippet:-1, max-image-preview:large, max-video-preview:-1\" \/>\n<link rel=\"canonical\" href=\"https:\/\/www.calfregues.com\/es\/politica-de-privacidad\/\" \/>\n<meta property=\"og:locale\" content=\"es_ES\" \/>\n<meta property=\"og:type\" content=\"article\" \/>\n<meta property=\"og:title\" content=\"Pol\u00edtica de privacidad | cal Fregues\" \/>\n<meta property=\"og:description\" content=\"Pol\u00edtica de privacidad En cumplimiento del REGLAMENTO (UE) 2016\/679 DEL PARLAMENTO EUROPEO Y DEL CONSEJO de 27 de Abril de 2016, relativo a la protecci\u00f3n de las personas f\u00edsicas en cuanto al tratamiento de datos personales ya la libre circulaci\u00f3n de estos datos ya la ley Org\u00e1nica 3\/2018, de 5 de diciembre, de Protecci\u00f3n de [&hellip;]\" \/>\n<meta property=\"og:url\" content=\"https:\/\/www.calfregues.com\/es\/politica-de-privacidad\/\" \/>\n<meta property=\"og:site_name\" content=\"cal Fregues\" \/>\n<meta property=\"article:publisher\" content=\"https:\/\/www.facebook.com\/calfregues\" \/>\n<meta property=\"article:modified_time\" content=\"2023-12-04T09:22:36+00:00\" \/>\n<meta name=\"twitter:card\" content=\"summary_large_image\" \/>\n<meta name=\"twitter:label1\" content=\"Tiempo de lectura\" \/>\n\t<meta name=\"twitter:data1\" content=\"6 minutos\" \/>\n<script type=\"application\/ld+json\" class=\"yoast-schema-graph\">{\"@context\":\"https:\\\/\\\/schema.org\",\"@graph\":[{\"@type\":\"WebPage\",\"@id\":\"https:\\\/\\\/www.calfregues.com\\\/es\\\/politica-de-privacidad\\\/\",\"url\":\"https:\\\/\\\/www.calfregues.com\\\/es\\\/politica-de-privacidad\\\/\",\"name\":\"Pol\u00edtica de privacidad | cal Fregues\",\"isPartOf\":{\"@id\":\"https:\\\/\\\/www.calfregues.com\\\/es\\\/#website\"},\"datePublished\":\"2023-05-12T11:11:25+00:00\",\"dateModified\":\"2023-12-04T09:22:36+00:00\",\"breadcrumb\":{\"@id\":\"https:\\\/\\\/www.calfregues.com\\\/es\\\/politica-de-privacidad\\\/#breadcrumb\"},\"inLanguage\":\"es\",\"potentialAction\":[{\"@type\":\"ReadAction\",\"target\":[\"https:\\\/\\\/www.calfregues.com\\\/es\\\/politica-de-privacidad\\\/\"]}]},{\"@type\":\"BreadcrumbList\",\"@id\":\"https:\\\/\\\/www.calfregues.com\\\/es\\\/politica-de-privacidad\\\/#breadcrumb\",\"itemListElement\":[{\"@type\":\"ListItem\",\"position\":1,\"name\":\"Inici\",\"item\":\"https:\\\/\\\/www.calfregues.com\\\/es\\\/\"},{\"@type\":\"ListItem\",\"position\":2,\"name\":\"Pol\u00edtica de privacidad\"}]},{\"@type\":\"WebSite\",\"@id\":\"https:\\\/\\\/www.calfregues.com\\\/es\\\/#website\",\"url\":\"https:\\\/\\\/www.calfregues.com\\\/es\\\/\",\"name\":\"cal Fregues\",\"description\":\"Som artesans del cos\",\"publisher\":{\"@id\":\"https:\\\/\\\/www.calfregues.com\\\/es\\\/#organization\"},\"potentialAction\":[{\"@type\":\"SearchAction\",\"target\":{\"@type\":\"EntryPoint\",\"urlTemplate\":\"https:\\\/\\\/www.calfregues.com\\\/es\\\/?s={search_term_string}\"},\"query-input\":{\"@type\":\"PropertyValueSpecification\",\"valueRequired\":true,\"valueName\":\"search_term_string\"}}],\"inLanguage\":\"es\"},{\"@type\":\"Organization\",\"@id\":\"https:\\\/\\\/www.calfregues.com\\\/es\\\/#organization\",\"name\":\"cal Fregues\",\"url\":\"https:\\\/\\\/www.calfregues.com\\\/es\\\/\",\"logo\":{\"@type\":\"ImageObject\",\"inLanguage\":\"es\",\"@id\":\"https:\\\/\\\/www.calfregues.com\\\/es\\\/#\\\/schema\\\/logo\\\/image\\\/\",\"url\":\"https:\\\/\\\/www.calfregues.com\\\/wp-content\\\/uploads\\\/2023\\\/05\\\/calfregueslogo-1.png\",\"contentUrl\":\"https:\\\/\\\/www.calfregues.com\\\/wp-content\\\/uploads\\\/2023\\\/05\\\/calfregueslogo-1.png\",\"width\":9164,\"height\":6636,\"caption\":\"cal Fregues\"},\"image\":{\"@id\":\"https:\\\/\\\/www.calfregues.com\\\/es\\\/#\\\/schema\\\/logo\\\/image\\\/\"},\"sameAs\":[\"https:\\\/\\\/www.facebook.com\\\/calfregues\",\"https:\\\/\\\/www.instagram.com\\\/calfregues\\\/\",\"https:\\\/\\\/www.linkedin.com\\\/company\\\/cal-fregues\\\/\"]}]}<\/script>\n<!-- \/ Yoast SEO plugin. -->","yoast_head_json":{"title":"Pol\u00edtica de privacidad | cal Fregues","robots":{"index":"index","follow":"follow","max-snippet":"max-snippet:-1","max-image-preview":"max-image-preview:large","max-video-preview":"max-video-preview:-1"},"canonical":"https:\/\/www.calfregues.com\/es\/politica-de-privacidad\/","og_locale":"es_ES","og_type":"article","og_title":"Pol\u00edtica de privacidad | cal Fregues","og_description":"Pol\u00edtica de privacidad En cumplimiento del REGLAMENTO (UE) 2016\/679 DEL PARLAMENTO EUROPEO Y DEL CONSEJO de 27 de Abril de 2016, relativo a la protecci\u00f3n de las personas f\u00edsicas en cuanto al tratamiento de datos personales ya la libre circulaci\u00f3n de estos datos ya la ley Org\u00e1nica 3\/2018, de 5 de diciembre, de Protecci\u00f3n de [&hellip;]","og_url":"https:\/\/www.calfregues.com\/es\/politica-de-privacidad\/","og_site_name":"cal Fregues","article_publisher":"https:\/\/www.facebook.com\/calfregues","article_modified_time":"2023-12-04T09:22:36+00:00","twitter_card":"summary_large_image","twitter_misc":{"Tiempo de lectura":"6 minutos"},"schema":{"@context":"https:\/\/schema.org","@graph":[{"@type":"WebPage","@id":"https:\/\/www.calfregues.com\/es\/politica-de-privacidad\/","url":"https:\/\/www.calfregues.com\/es\/politica-de-privacidad\/","name":"Pol\u00edtica de privacidad | cal Fregues","isPartOf":{"@id":"https:\/\/www.calfregues.com\/es\/#website"},"datePublished":"2023-05-12T11:11:25+00:00","dateModified":"2023-12-04T09:22:36+00:00","breadcrumb":{"@id":"https:\/\/www.calfregues.com\/es\/politica-de-privacidad\/#breadcrumb"},"inLanguage":"es","potentialAction":[{"@type":"ReadAction","target":["https:\/\/www.calfregues.com\/es\/politica-de-privacidad\/"]}]},{"@type":"BreadcrumbList","@id":"https:\/\/www.calfregues.com\/es\/politica-de-privacidad\/#breadcrumb","itemListElement":[{"@type":"ListItem","position":1,"name":"Inici","item":"https:\/\/www.calfregues.com\/es\/"},{"@type":"ListItem","position":2,"name":"Pol\u00edtica de privacidad"}]},{"@type":"WebSite","@id":"https:\/\/www.calfregues.com\/es\/#website","url":"https:\/\/www.calfregues.com\/es\/","name":"cal Fregues","description":"Som artesans del cos","publisher":{"@id":"https:\/\/www.calfregues.com\/es\/#organization"},"potentialAction":[{"@type":"SearchAction","target":{"@type":"EntryPoint","urlTemplate":"https:\/\/www.calfregues.com\/es\/?s={search_term_string}"},"query-input":{"@type":"PropertyValueSpecification","valueRequired":true,"valueName":"search_term_string"}}],"inLanguage":"es"},{"@type":"Organization","@id":"https:\/\/www.calfregues.com\/es\/#organization","name":"cal Fregues","url":"https:\/\/www.calfregues.com\/es\/","logo":{"@type":"ImageObject","inLanguage":"es","@id":"https:\/\/www.calfregues.com\/es\/#\/schema\/logo\/image\/","url":"https:\/\/www.calfregues.com\/wp-content\/uploads\/2023\/05\/calfregueslogo-1.png","contentUrl":"https:\/\/www.calfregues.com\/wp-content\/uploads\/2023\/05\/calfregueslogo-1.png","width":9164,"height":6636,"caption":"cal Fregues"},"image":{"@id":"https:\/\/www.calfregues.com\/es\/#\/schema\/logo\/image\/"},"sameAs":["https:\/\/www.facebook.com\/calfregues","https:\/\/www.instagram.com\/calfregues\/","https:\/\/www.linkedin.com\/company\/cal-fregues\/"]}]}},"_links":{"self":[{"href":"https:\/\/www.calfregues.com\/es\/wp-json\/wp\/v2\/pages\/2558","targetHints":{"allow":["GET"]}}],"collection":[{"href":"https:\/\/www.calfregues.com\/es\/wp-json\/wp\/v2\/pages"}],"about":[{"href":"https:\/\/www.calfregues.com\/es\/wp-json\/wp\/v2\/types\/page"}],"author":[{"embeddable":true,"href":"https:\/\/www.calfregues.com\/es\/wp-json\/wp\/v2\/users\/2"}],"replies":[{"embeddable":true,"href":"https:\/\/www.calfregues.com\/es\/wp-json\/wp\/v2\/comments?post=2558"}],"version-history":[{"count":4,"href":"https:\/\/www.calfregues.com\/es\/wp-json\/wp\/v2\/pages\/2558\/revisions"}],"predecessor-version":[{"id":4124,"href":"https:\/\/www.calfregues.com\/es\/wp-json\/wp\/v2\/pages\/2558\/revisions\/4124"}],"wp:attachment":[{"href":"https:\/\/www.calfregues.com\/es\/wp-json\/wp\/v2\/media?parent=2558"}],"curies":[{"name":"wp","href":"https:\/\/api.w.org\/{rel}","templated":true}]}}