{"id":4142,"date":"2023-06-09T11:51:26","date_gmt":"2023-06-09T09:51:26","guid":{"rendered":"http:\/\/calfregues.com\/faqs\/"},"modified":"2025-05-05T13:15:31","modified_gmt":"2025-05-05T11:15:31","slug":"faqs","status":"publish","type":"page","link":"https:\/\/www.calfregues.com\/es\/faqs\/","title":{"rendered":"FAQs"},"content":{"rendered":"\n<div class=\"wp-block-group alignfull first-block is-layout-constrained wp-block-group-is-layout-constrained\">\n<div class=\"wp-block-columns container-wrapper is-layout-flex wp-container-core-columns-is-layout-9d6595d7 wp-block-columns-is-layout-flex\">\n<div class=\"wp-block-column is-layout-flow wp-block-column-is-layout-flow\">\n<p class=\"fade fadeOut has-primary-color has-text-color has-menubutton-font-size\">FAQ\u2019s<\/p>\n\n\n\n<div style=\"height:15px\" aria-hidden=\"true\" class=\"wp-block-spacer\"><\/div>\n\n\n\n<p class=\"fade fadeOut has-primary-color has-text-color has-title-h-3-small-font-size\">Preguntas frecuentes<\/p>\n\n\n\n<div style=\"height:15px\" aria-hidden=\"true\" class=\"wp-block-spacer\"><\/div>\n\n\n\n<p class=\"fade fadeOut has-primary-color has-text-color\">Encuentra respuestas a preguntas trending topic sobre nuestros servicios y productos. Si no encuentras la respuesta que buscas, <a href=\"http:\/\/www.calfregues.com\/es\/contacto\/\">cont\u00e1ctanos<\/a> y estaremos encantados de ayudarte.<\/p>\n<\/div>\n<\/div>\n<\/div>\n\n\n\n<p class=\"fade fadeOut has-title-h-4-font-size\">Preguntas trending topic<\/p>\n\n\n\n<div style=\"height:15px\" aria-hidden=\"true\" class=\"wp-block-spacer\"><\/div>\n\n\n\n<div class=\"wp-block-group accordion is-layout-constrained wp-block-group-is-layout-constrained\">\n<div class=\"wp-block-pb-accordion-item c-accordion__item js-accordion-item no-js fade fadeOut\" data-initially-open=\"false\" data-click-to-close=\"true\" data-auto-close=\"true\" data-scroll=\"true\" data-scroll-offset=\"100\"><button id=\"at-41420\" class=\"c-accordion__title js-accordion-controller c-accordion__title--button\" role=\"button\">\u00bfC\u00f3mo es una visita de fisio u osteopatia?<\/button><div id=\"ac-41420\" class=\"c-accordion__content\">\n<p class=\"fade fadeOut\">En una primera sesi\u00f3n, antes de tratarte, haremos una serie de preguntas (anamnesis) para entender tu dolor, historial m\u00e9dico y estilo de vida.  A continuaci\u00f3n te haremos una valoraci\u00f3n y exploraci\u00f3n corporal y te trataremos. El tiempo que invertimos en la valoraci\u00f3n es la clave del tratamiento.<\/p>\n\n\n\n<p class=\"fade fadeOut\">En las visitas de seguimiento revaluamos la evoluci\u00f3n del dolor o lesi\u00f3n y tratamos.<\/p>\n\n\n\n<div style=\"height:25px\" aria-hidden=\"true\" class=\"wp-block-spacer\"><\/div>\n<\/div><\/div>\n\n\n\n<div class=\"wp-block-pb-accordion-item c-accordion__item js-accordion-item no-js fade fadeOut\" data-initially-open=\"false\" data-click-to-close=\"true\" data-auto-close=\"true\" data-scroll=\"true\" data-scroll-offset=\"100\"><button id=\"at-41421\" class=\"c-accordion__title js-accordion-controller c-accordion__title--button\" role=\"button\">\u00bfTen\u00e9is bonos por sesiones?<\/button><div id=\"ac-41421\" class=\"c-accordion__content\">\n<p class=\"fade fadeOut\">Si, tenemos bonos de 5 o 10 sesiones para la mayor\u00eda de tratamientos. Con estos bonos te ahorras entre 1\u20ac y 3\u20ac por sesi\u00f3n.<\/p>\n\n\n\n<p class=\"fade fadeOut\">Los bonos de 10 sesiones pueden compartirse con un familiar.<\/p>\n\n\n\n<p class=\"fade fadeOut\">Si quieres cancelar una sesi\u00f3n y no avisas con m\u00ednimo 6h de antelaci\u00f3n tu sesi\u00f3n ser\u00e1 consumida del bono.<\/p>\n\n\n\n<p class=\"fade fadeOut\">Para comprar bonos por sesiones lo has de hacer directamente en nuestro centro.<\/p>\n\n\n\n<div style=\"height:25px\" aria-hidden=\"true\" class=\"wp-block-spacer\"><\/div>\n<\/div><\/div>\n\n\n\n<div class=\"wp-block-pb-accordion-item c-accordion__item js-accordion-item no-js fade fadeOut\" data-initially-open=\"false\" data-click-to-close=\"true\" data-auto-close=\"true\" data-scroll=\"true\" data-scroll-offset=\"100\"><button id=\"at-41422\" class=\"c-accordion__title js-accordion-controller c-accordion__title--button\" role=\"button\">\u00bfLos bonos tienen caducidad?<\/button><div id=\"ac-41422\" class=\"c-accordion__content\">\n<p class=\"fade fadeOut\">Los bonos por sesiones tienen 1 a\u00f1o de caducidad.<\/p>\n\n\n\n<p class=\"fade fadeOut\">Los bonos regalo f\u00edsicos tienen 1 a\u00f1o de caducidad.<\/p>\n\n\n\n<p class=\"fade fadeOut\">Los bono regalo comprados online tiene 6 meses de caducidad.<\/p>\n\n\n\n<div style=\"height:25px\" aria-hidden=\"true\" class=\"wp-block-spacer\"><\/div>\n<\/div><\/div>\n\n\n\n<div class=\"wp-block-pb-accordion-item c-accordion__item js-accordion-item no-js fade fadeOut\" data-initially-open=\"false\" data-click-to-close=\"true\" data-auto-close=\"true\" data-scroll=\"true\" data-scroll-offset=\"100\"><button id=\"at-41423\" class=\"c-accordion__title js-accordion-controller c-accordion__title--button\" role=\"button\">\u00bfTrabaj\u00e1is con mutuas?<\/button><div id=\"ac-41423\" class=\"c-accordion__content\">\n<p class=\"fade fadeOut\">No, somos un centro privado.<\/p>\n\n\n\n<p class=\"fade fadeOut\">No trabajamos directamente con mutuas pero podemos facilitarte la factura ya que algunas mutuas\/ p\u00f3lizas reembolsan un % o el total del precio del tratamiento.<\/p>\n\n\n\n<div style=\"height:25px\" aria-hidden=\"true\" class=\"wp-block-spacer\"><\/div>\n<\/div><\/div>\n\n\n\n<div class=\"wp-block-pb-accordion-item c-accordion__item js-accordion-item no-js fade fadeOut\" data-initially-open=\"false\" data-click-to-close=\"true\" data-auto-close=\"true\" data-scroll=\"true\" data-scroll-offset=\"100\"><button id=\"at-41424\" class=\"c-accordion__title js-accordion-controller c-accordion__title--button\" role=\"button\">\u00bfNo s\u00e9 si tengo que ir al fisioterapeuta o al oste\u00f3pata?<\/button><div id=\"ac-41424\" class=\"c-accordion__content\">\n<p class=\"fade fadeOut\">Si tienes dudas nosotros recomendamos empezar con un fisio y en caso que lo vea necesario el\/ ella te derivar\u00e1 a uno de nuestros\/as oste\u00f3patas.<\/p>\n\n\n\n<div style=\"height:25px\" aria-hidden=\"true\" class=\"wp-block-spacer\"><\/div>\n<\/div><\/div>\n\n\n\n<div class=\"wp-block-pb-accordion-item c-accordion__item js-accordion-item no-js fade fadeOut\" data-initially-open=\"false\" data-click-to-close=\"true\" data-auto-close=\"true\" data-scroll=\"true\" data-scroll-offset=\"100\"><button id=\"at-41425\" class=\"c-accordion__title js-accordion-controller c-accordion__title--button\" role=\"button\">\u00bfSe puede cancelar una sesi\u00f3n?<\/button><div id=\"ac-41425\" class=\"c-accordion__content\">\n<p class=\"fade fadeOut\">Si, puedes cancelar tu sesi\u00f3n con 24h de antelaci\u00f3n. Puedes hacerlo a trav\u00e9s de nuestra app o llamando al 930044449.<\/p>\n\n\n\n<p class=\"fade fadeOut\">Nos hemos propuesto acabar con el absentismo del paciente, o #fregaciao como nosotros le llamamos. <strong><a href=\"https:\/\/www.instagram.com\/p\/B3U3z8ihQzC\/?utm_source=ig_web_copy_link\" target=\"_blank\" rel=\"noreferrer noopener\">Nuestro videoclip<\/a> <\/strong>lo deja muy claro \ud83d\ude09 si no vienes, avisa.<\/p>\n\n\n\n<p class=\"fade fadeOut\">Si tienes un bono de sesiones (5 o 10) y no cancelas tu sesi\u00f3n con m\u00ednimo 6h de antelaci\u00f3n, ser\u00e1 consumida de tu bono.<\/p>\n\n\n\n<div style=\"height:25px\" aria-hidden=\"true\" class=\"wp-block-spacer\"><\/div>\n<\/div><\/div>\n\n\n\n<div class=\"wp-block-pb-accordion-item c-accordion__item js-accordion-item no-js fade fadeOut\" data-initially-open=\"false\" data-click-to-close=\"true\" data-auto-close=\"true\" data-scroll=\"true\" data-scroll-offset=\"100\"><button id=\"at-41426\" class=\"c-accordion__title js-accordion-controller c-accordion__title--button\" role=\"button\">\u00bfQu\u00e9 significa estar en cola en la Aplicaci\u00f3n?<\/button><div id=\"ac-41426\" class=\"c-accordion__content\">\n<p class=\"fade fadeOut\">Ponerse en cola es estar en una lista de espera virtual, cuando la hora en la que te has puesto en cola se libera te llega una aviso por email, notificaci\u00f3n o te llamamos.<\/p>\n\n\n\n<p class=\"fade fadeOut\">Puedes ponerte en cola en todas las horas que te encajen.<\/p>\n\n\n\n<div style=\"height:25px\" aria-hidden=\"true\" class=\"wp-block-spacer\"><\/div>\n<\/div><\/div>\n\n\n\n<div class=\"wp-block-pb-accordion-item c-accordion__item js-accordion-item no-js fade fadeOut\" data-initially-open=\"false\" data-click-to-close=\"true\" data-auto-close=\"true\" data-scroll=\"true\" data-scroll-offset=\"100\"><button id=\"at-41427\" class=\"c-accordion__title js-accordion-controller c-accordion__title--button\" role=\"button\">\u00bfSi estoy embarazada puedo hacer sesi\u00f3n de fisio u osteopatia?<\/button><div id=\"ac-41427\" class=\"c-accordion__content\">\n<p class=\"fade fadeOut\">Si, no hay problema, de hecho tu cuerpo te lo agradecer\u00e1. Es importante que se lo comuniques al fisio\/ la fisio para que lo tenga en cuenta en su tratamiento y evite el uso de m\u00e1quinas o t\u00e9cnicas que puedan ser contraproducentes.<\/p>\n\n\n\n<div style=\"height:25px\" aria-hidden=\"true\" class=\"wp-block-spacer\"><\/div>\n<\/div><\/div>\n\n\n\n<div class=\"wp-block-pb-accordion-item c-accordion__item js-accordion-item no-js fade fadeOut\" data-initially-open=\"false\" data-click-to-close=\"true\" data-auto-close=\"true\" data-scroll=\"true\" data-scroll-offset=\"100\"><button id=\"at-41428\" class=\"c-accordion__title js-accordion-controller c-accordion__title--button\" role=\"button\">\u00bfSi tengo pruebas m\u00e9dicas las he de llevar?<\/button><div id=\"ac-41428\" class=\"c-accordion__content\">\n<p class=\"fade fadeOut\">Si, toda la informaci\u00f3n que tengas relacionada con tu dolor o lesi\u00f3n siempre es de gran ayuda.<\/p>\n\n\n\n<div style=\"height:25px\" aria-hidden=\"true\" class=\"wp-block-spacer\"><\/div>\n<\/div><\/div>\n\n\n\n<div class=\"wp-block-pb-accordion-item c-accordion__item js-accordion-item no-js fade fadeOut\" data-initially-open=\"false\" data-click-to-close=\"true\" data-auto-close=\"true\" data-scroll=\"true\" data-scroll-offset=\"100\"><button id=\"at-41429\" class=\"c-accordion__title js-accordion-controller c-accordion__title--button\" role=\"button\">\u00bfC\u00f3mo s\u00e9 cual es el profesional que mejor me va ir?<\/button><div id=\"ac-41429\" class=\"c-accordion__content\">\n<p class=\"fade fadeOut\">En las diferentes secciones de nuestra web podr\u00e1s ver nuestras especialidades y que Mestros\/as Fregaires est\u00e1n asociados a cada una.<\/p>\n\n\n\n<p class=\"fade fadeOut\">Si tienes dudas puedes llamarnos al 930044449 y te aconsejaremos.<\/p>\n\n\n\n<div style=\"height:25px\" aria-hidden=\"true\" class=\"wp-block-spacer\"><\/div>\n<\/div><\/div>\n\n\n\n<div class=\"wp-block-pb-accordion-item c-accordion__item js-accordion-item no-js fade fadeOut\" data-initially-open=\"false\" data-click-to-close=\"true\" data-auto-close=\"true\" data-scroll=\"true\" data-scroll-offset=\"100\"><button id=\"at-414210\" class=\"c-accordion__title js-accordion-controller c-accordion__title--button\" role=\"button\">\u00bfC\u00f3mo me puedo descargar la app?<\/button><div id=\"ac-414210\" class=\"c-accordion__content\">\n<p class=\"fade fadeOut\">Para descargarte nuestra app deber\u00e1s escribirnos un email a hola@calfregues.com o llamarnos al 930044449 y nosotros te enviaremos un mail con el link de descarga.<\/p>\n\n\n\n<div style=\"height:25px\" aria-hidden=\"true\" class=\"wp-block-spacer\"><\/div>\n<\/div><\/div>\n\n\n\n<div class=\"wp-block-pb-accordion-item c-accordion__item js-accordion-item no-js fade fadeOut\" data-initially-open=\"false\" data-click-to-close=\"true\" data-auto-close=\"true\" data-scroll=\"true\" data-scroll-offset=\"100\"><button id=\"at-414211\" class=\"c-accordion__title js-accordion-controller c-accordion__title--button\" role=\"button\">\u00bfC\u00f3mo puedo regalar una sesi\u00f3n?<\/button><div id=\"ac-414211\" class=\"c-accordion__content\">\n<p class=\"fade fadeOut\">En la secci\u00f3n <a href=\"http:\/\/www.calfregues.com\/es\/regala\/\">regala<\/a> encontrar\u00e1s diferentes bonos regalo con dise\u00f1os muy chulos que podr\u00e1s personalizar. En menos de 12h te enviaremos el bono digital por email listo para enviar o imprimir.<\/p>\n\n\n\n<p class=\"fade fadeOut\">Si prefieres un bono regalo f\u00edsico en nuestro centro encontrar\u00e1s tarjetas y packs regalo.<\/p>\n\n\n\n<div style=\"height:25px\" aria-hidden=\"true\" class=\"wp-block-spacer\"><\/div>\n<\/div><\/div>\n\n\n\n<div class=\"wp-block-pb-accordion-item c-accordion__item js-accordion-item no-js fade fadeOut\" data-initially-open=\"false\" data-click-to-close=\"true\" data-auto-close=\"true\" data-scroll=\"true\" data-scroll-offset=\"100\"><button id=\"at-414212\" class=\"c-accordion__title js-accordion-controller c-accordion__title--button\" role=\"button\">\u00bfTen\u00e9is servicio a domicilio?<\/button><div id=\"ac-414212\" class=\"c-accordion__content\">\n<p class=\"fade fadeOut\">Tenemos fisio a domicilio para aquellos pacientes que no puedan desplazarse al centro.<\/p>\n\n\n\n<p class=\"fade fadeOut\">En caso de necesitarlo, ll\u00e1manos al 93004449 y lo gestionaremos, este servicio no se puede reservar por la app o por la web.<\/p>\n\n\n\n<div style=\"height:25px\" aria-hidden=\"true\" class=\"wp-block-spacer\"><\/div>\n<\/div><\/div>\n\n\n\n<div class=\"wp-block-pb-accordion-item c-accordion__item js-accordion-item no-js fade fadeOut\" data-initially-open=\"false\" data-click-to-close=\"true\" data-auto-close=\"true\" data-scroll=\"true\" data-scroll-offset=\"100\"><button id=\"at-414213\" class=\"c-accordion__title js-accordion-controller c-accordion__title--button\" role=\"button\">\u00bfTen\u00e9is servicios para empresas?<\/button><div id=\"ac-414213\" class=\"c-accordion__content\">\n<p class=\"fade fadeOut\">Ofrecemos convenios de colaboraci\u00f3n, bonos de sesiones para trabajadores o podemos dise\u00f1ar talleres de salud adaptados a las necesidades de cada empresa y su equipo.<\/p>\n\n\n\n<p class=\"fade fadeOut\">En nuestra p\u00e1gina Servicios para Empresa encontrar\u00e1s m\u00e1s informaci\u00f3n.<\/p>\n\n\n\n<div style=\"height:25px\" aria-hidden=\"true\" class=\"wp-block-spacer\"><\/div>\n<\/div><\/div>\n\n\n\n<div class=\"wp-block-pb-accordion-item c-accordion__item js-accordion-item no-js fade fadeOut\" data-initially-open=\"false\" data-click-to-close=\"true\" data-auto-close=\"true\" data-scroll=\"true\" data-scroll-offset=\"100\"><button id=\"at-414214\" class=\"c-accordion__title js-accordion-controller c-accordion__title--button\" role=\"button\">\u00bfCu\u00e1ntas sesiones necesito para curarme?<\/button><div id=\"ac-414214\" class=\"c-accordion__content\">\n<p class=\"fade fadeOut\">La pregunta del mill\u00f3n.<\/p>\n\n\n\n<p class=\"fade fadeOut\">Es imposible hacer un buen diagn\u00f3stico sin poder valorar el dolor y la lesi\u00f3n y ver c\u00f3mo evoluciona con el tratamiento.<\/p>\n\n\n\n<p class=\"fade fadeOut\">Cada cuerpo es \u00fanico y no es una ciencia exacta. Te elaboraremos un plan de tratamiento pero nunca nos mojaremos en decirte que en X sesiones tu dolor haya desaparecido, quiz\u00e1 son m\u00e1s o quiz\u00e1 son menos.<\/p>\n\n\n\n<div style=\"height:25px\" aria-hidden=\"true\" class=\"wp-block-spacer\"><\/div>\n<\/div><\/div>\n<\/div>\n\n\n\n<div style=\"height:15px\" aria-hidden=\"true\" class=\"wp-block-spacer hidde-lg\"><\/div>\n\n\n\n<div style=\"height:60px\" aria-hidden=\"true\" class=\"wp-block-spacer hidde-mobile\"><\/div>\n","protected":false},"excerpt":{"rendered":"<p>FAQ\u2019s Preguntas frecuentes Encuentra respuestas a preguntas trending topic sobre nuestros servicios y productos. Si no encuentras la respuesta que buscas, cont\u00e1ctanos y estaremos encantados de ayudarte. Preguntas trending topic<\/p>\n","protected":false},"author":2,"featured_media":0,"parent":0,"menu_order":0,"comment_status":"closed","ping_status":"closed","template":"","meta":{"_acf_changed":false,"footnotes":""},"class_list":["post-4142","page","type-page","status-publish","hentry"],"acf":[],"yoast_head":"<!-- This site is optimized with the Yoast SEO plugin v27.4 - https:\/\/yoast.com\/product\/yoast-seo-wordpress\/ -->\n<title>FAQs | cal Fregues<\/title>\n<meta name=\"robots\" content=\"index, follow, max-snippet:-1, max-image-preview:large, max-video-preview:-1\" \/>\n<link rel=\"canonical\" href=\"https:\/\/www.calfregues.com\/es\/faqs\/\" \/>\n<meta property=\"og:locale\" content=\"es_ES\" \/>\n<meta property=\"og:type\" content=\"article\" \/>\n<meta property=\"og:title\" content=\"FAQs | cal Fregues\" \/>\n<meta property=\"og:description\" content=\"FAQ\u2019s Preguntas frecuentes Encuentra respuestas a preguntas trending topic sobre nuestros servicios y productos. Si no encuentras la respuesta que buscas, cont\u00e1ctanos y estaremos encantados de ayudarte. Preguntas trending topic\" \/>\n<meta property=\"og:url\" content=\"https:\/\/www.calfregues.com\/es\/faqs\/\" \/>\n<meta property=\"og:site_name\" content=\"cal Fregues\" \/>\n<meta property=\"article:publisher\" content=\"https:\/\/www.facebook.com\/calfregues\" \/>\n<meta property=\"article:modified_time\" content=\"2025-05-05T11:15:31+00:00\" \/>\n<meta name=\"twitter:card\" content=\"summary_large_image\" \/>\n<meta name=\"twitter:label1\" content=\"Tiempo de lectura\" \/>\n\t<meta name=\"twitter:data1\" content=\"5 minutos\" \/>\n<script type=\"application\/ld+json\" class=\"yoast-schema-graph\">{\"@context\":\"https:\\\/\\\/schema.org\",\"@graph\":[{\"@type\":\"WebPage\",\"@id\":\"https:\\\/\\\/www.calfregues.com\\\/es\\\/faqs\\\/\",\"url\":\"https:\\\/\\\/www.calfregues.com\\\/es\\\/faqs\\\/\",\"name\":\"FAQs | cal Fregues\",\"isPartOf\":{\"@id\":\"https:\\\/\\\/www.calfregues.com\\\/es\\\/#website\"},\"datePublished\":\"2023-06-09T09:51:26+00:00\",\"dateModified\":\"2025-05-05T11:15:31+00:00\",\"breadcrumb\":{\"@id\":\"https:\\\/\\\/www.calfregues.com\\\/es\\\/faqs\\\/#breadcrumb\"},\"inLanguage\":\"es\",\"potentialAction\":[{\"@type\":\"ReadAction\",\"target\":[\"https:\\\/\\\/www.calfregues.com\\\/es\\\/faqs\\\/\"]}]},{\"@type\":\"BreadcrumbList\",\"@id\":\"https:\\\/\\\/www.calfregues.com\\\/es\\\/faqs\\\/#breadcrumb\",\"itemListElement\":[{\"@type\":\"ListItem\",\"position\":1,\"name\":\"Inici\",\"item\":\"https:\\\/\\\/www.calfregues.com\\\/es\\\/\"},{\"@type\":\"ListItem\",\"position\":2,\"name\":\"FAQs\"}]},{\"@type\":\"WebSite\",\"@id\":\"https:\\\/\\\/www.calfregues.com\\\/es\\\/#website\",\"url\":\"https:\\\/\\\/www.calfregues.com\\\/es\\\/\",\"name\":\"cal Fregues\",\"description\":\"Som artesans del cos\",\"publisher\":{\"@id\":\"https:\\\/\\\/www.calfregues.com\\\/es\\\/#organization\"},\"potentialAction\":[{\"@type\":\"SearchAction\",\"target\":{\"@type\":\"EntryPoint\",\"urlTemplate\":\"https:\\\/\\\/www.calfregues.com\\\/es\\\/?s={search_term_string}\"},\"query-input\":{\"@type\":\"PropertyValueSpecification\",\"valueRequired\":true,\"valueName\":\"search_term_string\"}}],\"inLanguage\":\"es\"},{\"@type\":\"Organization\",\"@id\":\"https:\\\/\\\/www.calfregues.com\\\/es\\\/#organization\",\"name\":\"cal Fregues\",\"url\":\"https:\\\/\\\/www.calfregues.com\\\/es\\\/\",\"logo\":{\"@type\":\"ImageObject\",\"inLanguage\":\"es\",\"@id\":\"https:\\\/\\\/www.calfregues.com\\\/es\\\/#\\\/schema\\\/logo\\\/image\\\/\",\"url\":\"https:\\\/\\\/www.calfregues.com\\\/wp-content\\\/uploads\\\/2023\\\/05\\\/calfregueslogo-1.png\",\"contentUrl\":\"https:\\\/\\\/www.calfregues.com\\\/wp-content\\\/uploads\\\/2023\\\/05\\\/calfregueslogo-1.png\",\"width\":9164,\"height\":6636,\"caption\":\"cal Fregues\"},\"image\":{\"@id\":\"https:\\\/\\\/www.calfregues.com\\\/es\\\/#\\\/schema\\\/logo\\\/image\\\/\"},\"sameAs\":[\"https:\\\/\\\/www.facebook.com\\\/calfregues\",\"https:\\\/\\\/www.instagram.com\\\/calfregues\\\/\",\"https:\\\/\\\/www.linkedin.com\\\/company\\\/cal-fregues\\\/\"]}]}<\/script>\n<!-- \/ Yoast SEO plugin. -->","yoast_head_json":{"title":"FAQs | cal Fregues","robots":{"index":"index","follow":"follow","max-snippet":"max-snippet:-1","max-image-preview":"max-image-preview:large","max-video-preview":"max-video-preview:-1"},"canonical":"https:\/\/www.calfregues.com\/es\/faqs\/","og_locale":"es_ES","og_type":"article","og_title":"FAQs | cal Fregues","og_description":"FAQ\u2019s Preguntas frecuentes Encuentra respuestas a preguntas trending topic sobre nuestros servicios y productos. Si no encuentras la respuesta que buscas, cont\u00e1ctanos y estaremos encantados de ayudarte. Preguntas trending topic","og_url":"https:\/\/www.calfregues.com\/es\/faqs\/","og_site_name":"cal Fregues","article_publisher":"https:\/\/www.facebook.com\/calfregues","article_modified_time":"2025-05-05T11:15:31+00:00","twitter_card":"summary_large_image","twitter_misc":{"Tiempo de lectura":"5 minutos"},"schema":{"@context":"https:\/\/schema.org","@graph":[{"@type":"WebPage","@id":"https:\/\/www.calfregues.com\/es\/faqs\/","url":"https:\/\/www.calfregues.com\/es\/faqs\/","name":"FAQs | cal Fregues","isPartOf":{"@id":"https:\/\/www.calfregues.com\/es\/#website"},"datePublished":"2023-06-09T09:51:26+00:00","dateModified":"2025-05-05T11:15:31+00:00","breadcrumb":{"@id":"https:\/\/www.calfregues.com\/es\/faqs\/#breadcrumb"},"inLanguage":"es","potentialAction":[{"@type":"ReadAction","target":["https:\/\/www.calfregues.com\/es\/faqs\/"]}]},{"@type":"BreadcrumbList","@id":"https:\/\/www.calfregues.com\/es\/faqs\/#breadcrumb","itemListElement":[{"@type":"ListItem","position":1,"name":"Inici","item":"https:\/\/www.calfregues.com\/es\/"},{"@type":"ListItem","position":2,"name":"FAQs"}]},{"@type":"WebSite","@id":"https:\/\/www.calfregues.com\/es\/#website","url":"https:\/\/www.calfregues.com\/es\/","name":"cal Fregues","description":"Som artesans del cos","publisher":{"@id":"https:\/\/www.calfregues.com\/es\/#organization"},"potentialAction":[{"@type":"SearchAction","target":{"@type":"EntryPoint","urlTemplate":"https:\/\/www.calfregues.com\/es\/?s={search_term_string}"},"query-input":{"@type":"PropertyValueSpecification","valueRequired":true,"valueName":"search_term_string"}}],"inLanguage":"es"},{"@type":"Organization","@id":"https:\/\/www.calfregues.com\/es\/#organization","name":"cal Fregues","url":"https:\/\/www.calfregues.com\/es\/","logo":{"@type":"ImageObject","inLanguage":"es","@id":"https:\/\/www.calfregues.com\/es\/#\/schema\/logo\/image\/","url":"https:\/\/www.calfregues.com\/wp-content\/uploads\/2023\/05\/calfregueslogo-1.png","contentUrl":"https:\/\/www.calfregues.com\/wp-content\/uploads\/2023\/05\/calfregueslogo-1.png","width":9164,"height":6636,"caption":"cal Fregues"},"image":{"@id":"https:\/\/www.calfregues.com\/es\/#\/schema\/logo\/image\/"},"sameAs":["https:\/\/www.facebook.com\/calfregues","https:\/\/www.instagram.com\/calfregues\/","https:\/\/www.linkedin.com\/company\/cal-fregues\/"]}]}},"_links":{"self":[{"href":"https:\/\/www.calfregues.com\/es\/wp-json\/wp\/v2\/pages\/4142","targetHints":{"allow":["GET"]}}],"collection":[{"href":"https:\/\/www.calfregues.com\/es\/wp-json\/wp\/v2\/pages"}],"about":[{"href":"https:\/\/www.calfregues.com\/es\/wp-json\/wp\/v2\/types\/page"}],"author":[{"embeddable":true,"href":"https:\/\/www.calfregues.com\/es\/wp-json\/wp\/v2\/users\/2"}],"replies":[{"embeddable":true,"href":"https:\/\/www.calfregues.com\/es\/wp-json\/wp\/v2\/comments?post=4142"}],"version-history":[{"count":8,"href":"https:\/\/www.calfregues.com\/es\/wp-json\/wp\/v2\/pages\/4142\/revisions"}],"predecessor-version":[{"id":4524,"href":"https:\/\/www.calfregues.com\/es\/wp-json\/wp\/v2\/pages\/4142\/revisions\/4524"}],"wp:attachment":[{"href":"https:\/\/www.calfregues.com\/es\/wp-json\/wp\/v2\/media?parent=4142"}],"curies":[{"name":"wp","href":"https:\/\/api.w.org\/{rel}","templated":true}]}}