{"id":5416,"date":"2024-07-19T14:17:21","date_gmt":"2024-07-19T12:17:21","guid":{"rendered":"https:\/\/www.calfregues.com\/manifest-sitges\/"},"modified":"2024-07-19T14:30:07","modified_gmt":"2024-07-19T12:30:07","slug":"manifesto-sitges","status":"publish","type":"page","link":"https:\/\/www.calfregues.com\/es\/manifesto-sitges\/","title":{"rendered":"Manifesto Sitges"},"content":{"rendered":"\n<div class=\"wp-block-group alignfull first-block relative-wrapper has-grey-background-color has-background is-layout-constrained wp-block-group-is-layout-constrained\">\n<div class=\"wp-block-columns container-wrapper is-layout-flex wp-container-core-columns-is-layout-9d6595d7 wp-block-columns-is-layout-flex\">\n<div class=\"wp-block-column is-layout-flow wp-block-column-is-layout-flow\">\n<p class=\"fade fadeOut has-primary-color has-text-color has-menubutton-font-size\">cal Fregues Sitges<\/p>\n\n\n\n<div style=\"height:30px\" aria-hidden=\"true\" class=\"wp-block-spacer\"><\/div>\n\n\n\n<p class=\"has-text-align-center fade fadeOut center-x has-primary-color has-text-color has-title-h-4-font-size\">Vecino y vecina<\/p>\n\n\n\n<div style=\"height:15px\" aria-hidden=\"true\" class=\"wp-block-spacer\"><\/div>\n\n\n\n<p class=\"has-text-align-center fade fadeOut max-w-3-xl center-x has-primary-color has-text-color has-title-h-2-font-size\">La salud no es lo \u00fanico que nos roba el coraz\u00f3n.<br>Sitges tambi\u00e9n.<\/p>\n\n\n\n<div style=\"height:55px\" aria-hidden=\"true\" class=\"wp-block-spacer\"><\/div>\n<\/div>\n<\/div>\n\n\n\n<div class=\"wp-block-columns container-wrapper is-layout-flex wp-container-core-columns-is-layout-9d6595d7 wp-block-columns-is-layout-flex\">\n<div class=\"wp-block-column is-layout-flow wp-block-column-is-layout-flow\">\n<p class=\"fade fadeOut mb-text-center has-title-h-4-font-size\">Por eso, prometemos ser tu mejor vecino.<\/p>\n\n\n\n<p class=\"fade fadeOut normal-font mb-text-center has-title-h-4-font-size\">Y mejor fisio, oste\u00f3pata, psic\u00f3logo, nutricionista, entrenador divino\u2026<\/p>\n\n\n\n<p class=\"fade fadeOut mb-text-center has-title-h-4-font-size\"><br>Prometemos no causar ninguna molestia.<\/p>\n\n\n\n<p class=\"fade fadeOut normal-font mb-text-center has-title-h-4-font-size\">De hecho, os las quitaremos sin ning\u00fan tipo de modestia.<\/p>\n\n\n\n<p class=\"fade fadeOut mb-text-center has-title-h-4-font-size\"><br>Prometemos no gritar ni hacer revuelo.<\/p>\n\n\n\n<p class=\"fade fadeOut normal-font mb-text-center has-title-h-4-font-size\">E ir a la entrada de \u201cgrallers\u201d, incluso si cae un aguacero.<\/p>\n\n\n\n<p class=\"fade fadeOut mb-text-center has-title-h-4-font-size\"><br>Prometemos dejaros sal cuando se os haya acabado.<\/p>\n\n\n\n<p class=\"fade fadeOut normal-font mb-text-center has-title-h-4-font-size\">Y retir\u00e1rosla de la dieta si ten\u00e9is el intestino inflamado.<\/p>\n\n\n\n<p class=\"fade fadeOut mb-text-center has-title-h-4-font-size\"><br>Prometemos contagiaros de salud y h\u00e1bitos saludables.<\/p>\n\n\n\n<p class=\"fade fadeOut normal-font mb-text-center has-title-h-4-font-size\">Y que ir al Carnaval de Vilanova, para nosotros sea impensable.<\/p>\n\n\n\n<p class=\"fade fadeOut mb-text-center has-title-h-4-font-size\"><br>Prometemos dejaros un cuerpo de 10.<\/p>\n\n\n\n<p class=\"fade fadeOut normal-font mb-text-center has-title-h-4-font-size\">Desde la cabeza hasta \u201cla punta\u201d\u2026 del pie.<\/p>\n\n\n\n<p class=\"fade fadeOut mb-text-center has-title-h-4-font-size\"><br>Prometemos ense\u00f1aros a hacer entrenamientos profesionales.<\/p>\n\n\n\n<p class=\"fade fadeOut normal-font mb-text-center has-title-h-4-font-size\">Si vosotros nos ense\u00f1\u00e1is las costumbres locales.<\/p>\n<\/div>\n\n\n\n<div class=\"wp-block-column is-layout-flow wp-block-column-is-layout-flow\">\n<p class=\"fade fadeOut mb-text-center has-title-h-4-font-size\">Prometemos acabar con aquello que trastorna la mente y genera inseguridad.<\/p>\n\n\n\n<p class=\"fade fadeOut normal-font mb-text-center has-title-h-4-font-size\">\u00a1\u201cFoc a la b\u00e8stia\u201d, fuego a la ansiedad!<\/p>\n\n\n\n<p class=\"fade fadeOut mb-text-center has-title-h-4-font-size\"><br>Prometemos haceros siempre un hueco en la agenda.<\/p>\n\n\n\n<p class=\"fade fadeOut normal-font mb-text-center has-title-h-4-font-size\">Y a la Reina del Carnaval, una frega estupenda.<\/p>\n\n\n\n<p class=\"fade fadeOut mb-text-center has-title-h-4-font-size\"><br>Prometemos libraros del mal, cada d\u00eda.<\/p>\n\n\n\n<p class=\"fade fadeOut normal-font mb-text-center has-title-h-4-font-size\">Menos de uno: la mal-vesia.<\/p>\n\n\n\n<p class=\"fade fadeOut mb-text-center has-title-h-4-font-size\"><br>Prometemos que \u2018alegr\u00eda pal body\u2019 no faltar\u00e1.<\/p>\n\n\n\n<p class=\"fade fadeOut normal-font mb-text-center has-title-h-4-font-size\">Como cuando encuentras sitio en la playa de San Sebasti\u00e0.<\/p>\n\n\n\n<p class=\"fade fadeOut mb-text-center has-title-h-4-font-size\"><br>Y prometemos abriros las puertas de nuestra casa de par en par.<\/p>\n\n\n\n<p class=\"fade fadeOut normal-font mb-text-center has-title-h-4-font-size\">Porqu\u00e9 \u2018everybody needs a frega\u2019, desde los fans del cine fant\u00e1stico, hasta los de Patchwork o la Gay Pride.<br><br><\/p>\n\n\n\n<p class=\"fade fadeOut sitges-badge mb-text-center has-subtitle-3-font-size\">Sitges, danos la mano y te daremos el coraz\u00f3n.<\/p>\n\n\n\n<p class=\"fade fadeOut normal-font mb-text-center has-title-h-4-font-size\"><br>Firmado,<\/p>\n\n\n\n<p class=\"fade fadeOut mb-text-center has-title-h-4-font-size\">cal Fregues<br>Vilafranquins de nacimiento,<br>Sitgetans en crecimiento.<\/p>\n\n\n\n<div style=\"height:30px\" aria-hidden=\"true\" class=\"wp-block-spacer\"><\/div>\n\n\n\n<hr class=\"wp-block-separator has-text-color has-primary-color has-alpha-channel-opacity has-primary-background-color has-background is-style-wide fade fadeOut\">\n\n\n\n<div style=\"height:30px\" aria-hidden=\"true\" class=\"wp-block-spacer\"><\/div>\n\n\n\n<p class=\"fade fadeOut mb-text-center has-postintro-font-size\" style=\"font-style:normal;font-weight:700\">Carrer Joan Puig Mestre 2, Sitges<br>apertura setiembre 2024.<\/p>\n\n\n\n<div style=\"height:15px\" aria-hidden=\"true\" class=\"wp-block-spacer\"><\/div>\n\n\n\n<p class=\"fade fadeOut mb-text-center has-postintro-font-size\" style=\"font-style:normal;font-weight:400\">Tu mejor vecino, un centro de salud,<br>que tratar\u00e1 cuerpo, mente e intestino.<\/p>\n<\/div>\n<\/div>\n\n\n\n<div style=\"height:60px\" aria-hidden=\"true\" class=\"wp-block-spacer\"><\/div>\n<\/div>\n","protected":false},"excerpt":{"rendered":"<p>cal Fregues Sitges Vecino y vecina La salud no es lo \u00fanico que nos roba el coraz\u00f3n.Sitges tambi\u00e9n. Por eso, prometemos ser tu mejor vecino. Y mejor fisio, oste\u00f3pata, psic\u00f3logo, nutricionista, entrenador divino\u2026 Prometemos no causar ninguna molestia. De hecho, os las quitaremos sin ning\u00fan tipo de modestia. Prometemos no gritar ni hacer revuelo. E [&hellip;]<\/p>\n","protected":false},"author":1,"featured_media":0,"parent":0,"menu_order":0,"comment_status":"closed","ping_status":"closed","template":"","meta":{"_acf_changed":false,"footnotes":""},"class_list":["post-5416","page","type-page","status-publish","hentry"],"acf":[],"yoast_head":"<!-- This site is optimized with the Yoast SEO plugin v27.4 - https:\/\/yoast.com\/product\/yoast-seo-wordpress\/ -->\n<title>Manifesto Sitges | cal Fregues<\/title>\n<meta name=\"robots\" content=\"index, follow, max-snippet:-1, max-image-preview:large, max-video-preview:-1\" \/>\n<link rel=\"canonical\" href=\"https:\/\/www.calfregues.com\/es\/manifesto-sitges\/\" \/>\n<meta property=\"og:locale\" content=\"es_ES\" \/>\n<meta property=\"og:type\" content=\"article\" \/>\n<meta property=\"og:title\" content=\"Manifesto Sitges | cal Fregues\" \/>\n<meta property=\"og:description\" content=\"cal Fregues Sitges Vecino y vecina La salud no es lo \u00fanico que nos roba el coraz\u00f3n.Sitges tambi\u00e9n. Por eso, prometemos ser tu mejor vecino. Y mejor fisio, oste\u00f3pata, psic\u00f3logo, nutricionista, entrenador divino\u2026 Prometemos no causar ninguna molestia. De hecho, os las quitaremos sin ning\u00fan tipo de modestia. Prometemos no gritar ni hacer revuelo. E [&hellip;]\" \/>\n<meta property=\"og:url\" content=\"https:\/\/www.calfregues.com\/es\/manifesto-sitges\/\" \/>\n<meta property=\"og:site_name\" content=\"cal Fregues\" \/>\n<meta property=\"article:publisher\" content=\"https:\/\/www.facebook.com\/calfregues\" \/>\n<meta property=\"article:modified_time\" content=\"2024-07-19T12:30:07+00:00\" \/>\n<meta name=\"twitter:card\" content=\"summary_large_image\" \/>\n<meta name=\"twitter:label1\" content=\"Tiempo de lectura\" \/>\n\t<meta name=\"twitter:data1\" content=\"2 minutos\" \/>\n<script type=\"application\/ld+json\" class=\"yoast-schema-graph\">{\"@context\":\"https:\\\/\\\/schema.org\",\"@graph\":[{\"@type\":\"WebPage\",\"@id\":\"https:\\\/\\\/www.calfregues.com\\\/es\\\/manifesto-sitges\\\/\",\"url\":\"https:\\\/\\\/www.calfregues.com\\\/es\\\/manifesto-sitges\\\/\",\"name\":\"Manifesto Sitges | cal Fregues\",\"isPartOf\":{\"@id\":\"https:\\\/\\\/www.calfregues.com\\\/es\\\/#website\"},\"datePublished\":\"2024-07-19T12:17:21+00:00\",\"dateModified\":\"2024-07-19T12:30:07+00:00\",\"breadcrumb\":{\"@id\":\"https:\\\/\\\/www.calfregues.com\\\/es\\\/manifesto-sitges\\\/#breadcrumb\"},\"inLanguage\":\"es\",\"potentialAction\":[{\"@type\":\"ReadAction\",\"target\":[\"https:\\\/\\\/www.calfregues.com\\\/es\\\/manifesto-sitges\\\/\"]}]},{\"@type\":\"BreadcrumbList\",\"@id\":\"https:\\\/\\\/www.calfregues.com\\\/es\\\/manifesto-sitges\\\/#breadcrumb\",\"itemListElement\":[{\"@type\":\"ListItem\",\"position\":1,\"name\":\"Inici\",\"item\":\"https:\\\/\\\/www.calfregues.com\\\/es\\\/\"},{\"@type\":\"ListItem\",\"position\":2,\"name\":\"Manifesto Sitges\"}]},{\"@type\":\"WebSite\",\"@id\":\"https:\\\/\\\/www.calfregues.com\\\/es\\\/#website\",\"url\":\"https:\\\/\\\/www.calfregues.com\\\/es\\\/\",\"name\":\"cal Fregues\",\"description\":\"Som artesans del cos\",\"publisher\":{\"@id\":\"https:\\\/\\\/www.calfregues.com\\\/es\\\/#organization\"},\"potentialAction\":[{\"@type\":\"SearchAction\",\"target\":{\"@type\":\"EntryPoint\",\"urlTemplate\":\"https:\\\/\\\/www.calfregues.com\\\/es\\\/?s={search_term_string}\"},\"query-input\":{\"@type\":\"PropertyValueSpecification\",\"valueRequired\":true,\"valueName\":\"search_term_string\"}}],\"inLanguage\":\"es\"},{\"@type\":\"Organization\",\"@id\":\"https:\\\/\\\/www.calfregues.com\\\/es\\\/#organization\",\"name\":\"cal Fregues\",\"url\":\"https:\\\/\\\/www.calfregues.com\\\/es\\\/\",\"logo\":{\"@type\":\"ImageObject\",\"inLanguage\":\"es\",\"@id\":\"https:\\\/\\\/www.calfregues.com\\\/es\\\/#\\\/schema\\\/logo\\\/image\\\/\",\"url\":\"https:\\\/\\\/www.calfregues.com\\\/wp-content\\\/uploads\\\/2023\\\/05\\\/calfregueslogo-1.png\",\"contentUrl\":\"https:\\\/\\\/www.calfregues.com\\\/wp-content\\\/uploads\\\/2023\\\/05\\\/calfregueslogo-1.png\",\"width\":9164,\"height\":6636,\"caption\":\"cal Fregues\"},\"image\":{\"@id\":\"https:\\\/\\\/www.calfregues.com\\\/es\\\/#\\\/schema\\\/logo\\\/image\\\/\"},\"sameAs\":[\"https:\\\/\\\/www.facebook.com\\\/calfregues\",\"https:\\\/\\\/www.instagram.com\\\/calfregues\\\/\",\"https:\\\/\\\/www.linkedin.com\\\/company\\\/cal-fregues\\\/\"]}]}<\/script>\n<!-- \/ Yoast SEO plugin. -->","yoast_head_json":{"title":"Manifesto Sitges | cal Fregues","robots":{"index":"index","follow":"follow","max-snippet":"max-snippet:-1","max-image-preview":"max-image-preview:large","max-video-preview":"max-video-preview:-1"},"canonical":"https:\/\/www.calfregues.com\/es\/manifesto-sitges\/","og_locale":"es_ES","og_type":"article","og_title":"Manifesto Sitges | cal Fregues","og_description":"cal Fregues Sitges Vecino y vecina La salud no es lo \u00fanico que nos roba el coraz\u00f3n.Sitges tambi\u00e9n. Por eso, prometemos ser tu mejor vecino. Y mejor fisio, oste\u00f3pata, psic\u00f3logo, nutricionista, entrenador divino\u2026 Prometemos no causar ninguna molestia. De hecho, os las quitaremos sin ning\u00fan tipo de modestia. Prometemos no gritar ni hacer revuelo. E [&hellip;]","og_url":"https:\/\/www.calfregues.com\/es\/manifesto-sitges\/","og_site_name":"cal Fregues","article_publisher":"https:\/\/www.facebook.com\/calfregues","article_modified_time":"2024-07-19T12:30:07+00:00","twitter_card":"summary_large_image","twitter_misc":{"Tiempo de lectura":"2 minutos"},"schema":{"@context":"https:\/\/schema.org","@graph":[{"@type":"WebPage","@id":"https:\/\/www.calfregues.com\/es\/manifesto-sitges\/","url":"https:\/\/www.calfregues.com\/es\/manifesto-sitges\/","name":"Manifesto Sitges | cal Fregues","isPartOf":{"@id":"https:\/\/www.calfregues.com\/es\/#website"},"datePublished":"2024-07-19T12:17:21+00:00","dateModified":"2024-07-19T12:30:07+00:00","breadcrumb":{"@id":"https:\/\/www.calfregues.com\/es\/manifesto-sitges\/#breadcrumb"},"inLanguage":"es","potentialAction":[{"@type":"ReadAction","target":["https:\/\/www.calfregues.com\/es\/manifesto-sitges\/"]}]},{"@type":"BreadcrumbList","@id":"https:\/\/www.calfregues.com\/es\/manifesto-sitges\/#breadcrumb","itemListElement":[{"@type":"ListItem","position":1,"name":"Inici","item":"https:\/\/www.calfregues.com\/es\/"},{"@type":"ListItem","position":2,"name":"Manifesto Sitges"}]},{"@type":"WebSite","@id":"https:\/\/www.calfregues.com\/es\/#website","url":"https:\/\/www.calfregues.com\/es\/","name":"cal Fregues","description":"Som artesans del cos","publisher":{"@id":"https:\/\/www.calfregues.com\/es\/#organization"},"potentialAction":[{"@type":"SearchAction","target":{"@type":"EntryPoint","urlTemplate":"https:\/\/www.calfregues.com\/es\/?s={search_term_string}"},"query-input":{"@type":"PropertyValueSpecification","valueRequired":true,"valueName":"search_term_string"}}],"inLanguage":"es"},{"@type":"Organization","@id":"https:\/\/www.calfregues.com\/es\/#organization","name":"cal Fregues","url":"https:\/\/www.calfregues.com\/es\/","logo":{"@type":"ImageObject","inLanguage":"es","@id":"https:\/\/www.calfregues.com\/es\/#\/schema\/logo\/image\/","url":"https:\/\/www.calfregues.com\/wp-content\/uploads\/2023\/05\/calfregueslogo-1.png","contentUrl":"https:\/\/www.calfregues.com\/wp-content\/uploads\/2023\/05\/calfregueslogo-1.png","width":9164,"height":6636,"caption":"cal Fregues"},"image":{"@id":"https:\/\/www.calfregues.com\/es\/#\/schema\/logo\/image\/"},"sameAs":["https:\/\/www.facebook.com\/calfregues","https:\/\/www.instagram.com\/calfregues\/","https:\/\/www.linkedin.com\/company\/cal-fregues\/"]}]}},"_links":{"self":[{"href":"https:\/\/www.calfregues.com\/es\/wp-json\/wp\/v2\/pages\/5416","targetHints":{"allow":["GET"]}}],"collection":[{"href":"https:\/\/www.calfregues.com\/es\/wp-json\/wp\/v2\/pages"}],"about":[{"href":"https:\/\/www.calfregues.com\/es\/wp-json\/wp\/v2\/types\/page"}],"author":[{"embeddable":true,"href":"https:\/\/www.calfregues.com\/es\/wp-json\/wp\/v2\/users\/1"}],"replies":[{"embeddable":true,"href":"https:\/\/www.calfregues.com\/es\/wp-json\/wp\/v2\/comments?post=5416"}],"version-history":[{"count":8,"href":"https:\/\/www.calfregues.com\/es\/wp-json\/wp\/v2\/pages\/5416\/revisions"}],"predecessor-version":[{"id":5429,"href":"https:\/\/www.calfregues.com\/es\/wp-json\/wp\/v2\/pages\/5416\/revisions\/5429"}],"wp:attachment":[{"href":"https:\/\/www.calfregues.com\/es\/wp-json\/wp\/v2\/media?parent=5416"}],"curies":[{"name":"wp","href":"https:\/\/api.w.org\/{rel}","templated":true}]}}