{"id":7733,"date":"2026-04-18T12:49:24","date_gmt":"2026-04-18T10:49:24","guid":{"rendered":"https:\/\/www.calfregues.com\/projecte-solidari\/"},"modified":"2026-04-20T16:35:11","modified_gmt":"2026-04-20T14:35:11","slug":"proyecto-solidario","status":"publish","type":"page","link":"https:\/\/www.calfregues.com\/es\/proyecto-solidario\/","title":{"rendered":"Proyecto solidario"},"content":{"rendered":"\n<div class=\"wp-block-group alignfull has-primary-background-color has-background is-layout-constrained wp-block-group-is-layout-constrained\">\n<p class=\"has-text-align-center has-white-color has-text-color has-link-color wp-elements-879b6787c9685412e027277682c63f8d fade fadeOut\">2\u20ac pueden ser el inicio.Pulseras solidarias proyecto TAWFEKH.<\/p>\n<\/div>\n\n\n\n<div class=\"wp-block-group alignfull first-block relative-wrapper has-grey-background-color has-background is-layout-constrained wp-block-group-is-layout-constrained\">\n<div class=\"wp-block-columns container-wrapper is-layout-flex wp-container-core-columns-is-layout-9d6595d7 wp-block-columns-is-layout-flex\">\n<div class=\"wp-block-column is-layout-flow wp-block-column-is-layout-flow\">\n<div style=\"height:30px\" aria-hidden=\"true\" class=\"wp-block-spacer\"><\/div>\n\n\n\n<p class=\"has-text-align-center fade fadeOut center-x has-primary-color has-text-color has-title-h-4-font-size\">Proyecto Solidario<br>TAWFEKH<\/p>\n\n\n\n<div style=\"height:15px\" aria-hidden=\"true\" class=\"wp-block-spacer\"><\/div>\n\n\n\n<p class=\"has-text-align-center fade fadeOut max-w-3-xl center-x has-primary-color has-text-color has-title-h-2-font-size\">Fisioterapia que cambia vidas<\/p>\n\n\n\n<div style=\"height:55px\" aria-hidden=\"true\" class=\"wp-block-spacer\"><\/div>\n\n\n\n<p class=\"fade fadeOut normal-font mb-text-center has-title-h-4-font-size\">Hay cosas que cuando las ves\u2026 ya no puedes mirar hacia otro lado.<br><br>En Catalunya tenemos 1 fisioterapeuta por cada 800 personas.<br>En Senegal, 1 por cada 170.000.<br><br>La par\u00e1lisis cerebral afecta hasta 4 de cada 1.000 nacimientos en el mundo.<br>Y en Senegal, algunas asociaciones hablan de 1 de cada 300.<br><br>No es solo un dato.<br>Son ni\u00f1os con nombre, con historia\u2026 y con muy pocas opciones.<br><br>De ah\u00ed nace <a href=\"https:\/\/www.tawfekh.org\/\" target=\"_blank\" rel=\"noreferrer noopener\">TAWFEKH<\/a> \u2014\u201cprogreso\u201d en Wolof, la lengua m\u00e1s hablada en Senegal\u2014, un proyecto que trabaja desde Mbour (Senegal) para que ni\u00f1as y ni\u00f1os con problemas neurol\u00f3gicos reciban lo que aqu\u00ed damos por hecho: fisioterapia, atenci\u00f3n y oportunidades.<br><br>Un proyecto peque\u00f1o.<br>Pero de los que importan.<\/p>\n\n\n\n<div style=\"height:55px\" aria-hidden=\"true\" class=\"wp-block-spacer\"><\/div>\n<\/div>\n<\/div>\n\n\n\n<div class=\"wp-block-columns container-wrapper is-layout-flex wp-container-core-columns-is-layout-9d6595d7 wp-block-columns-is-layout-flex\">\n<div class=\"wp-block-column is-layout-flow wp-block-column-is-layout-flow\">\n<p class=\"fade fadeOut mb-text-center has-title-h-4-font-size\">\u00bfD\u00f3nde entra cal Fregues?<\/p>\n\n\n\n<p class=\"fade fadeOut normal-font mb-text-center has-title-h-4-font-size\">Nosotros creemos que \u201cEverybody needs a frega\u201d.<br>Y que el acceso a la fisioterapia no deber\u00eda depender de d\u00f3nde naces.<br><br>Por eso nos sumamos a <a href=\"https:\/\/www.tawfekh.org\/\" target=\"_blank\" rel=\"noreferrer noopener\"><strong>TAWFEKH<\/strong><\/a> como mejor sabemos:<br>aportando conocimiento cl\u00ednico, ayudando con ideas\u2026 y moviendo a nuestra comunidad.<br><br>Hoy hay <strong><a href=\"https:\/\/www.tawfekh.org\/acciones-clave-2\" target=\"_blank\" rel=\"noreferrer noopener\">6 ni\u00f1os en el programa <\/a><\/strong>recibiendo 1 sesi\u00f3n de fisioterapia semanal.<br>Nuestro objetivo es claro: que Mouhamed sea el s\u00e9ptimo.<\/p>\n<\/div>\n\n\n\n<div class=\"wp-block-column is-layout-flow wp-block-column-is-layout-flow\">\n<p class=\"fade fadeOut mb-text-center has-title-h-4-font-size\">Hagamos n\u00fameros (de los que s\u00ed importan)<\/p>\n\n\n\n<p class=\"fade fadeOut normal-font mb-text-center has-title-h-4-font-size\">Una sesi\u00f3n de fisioterapia en Senegal: 18\u20ac<br>Un mes de tratamiento: 72\u20ac<br>Un a\u00f1o entero: 864\u20ac<br><br>El salario medio all\u00ed: 90\u2013100\u20ac al mes<br><br>Para Mouhamed, la fisioterapia no es un extra.<br>Es la diferencia entre avanzar\u2026 o no hacerlo.<\/p>\n<\/div>\n<\/div>\n\n\n\n<div style=\"height:55px\" aria-hidden=\"true\" class=\"wp-block-spacer\"><\/div>\n\n\n\n<div class=\"wp-block-columns container-wrapper is-layout-flex wp-container-core-columns-is-layout-9d6595d7 wp-block-columns-is-layout-flex\">\n<div class=\"wp-block-column is-layout-flow wp-block-column-is-layout-flow\">\n<p class=\"fade fadeOut mb-text-center has-title-h-4-font-size\">\u00bfC\u00f3mo podemos ayudar?<\/p>\n\n\n\n<p class=\"fade fadeOut normal-font mb-text-center has-title-h-4-font-size\">Con algo tan peque\u00f1o como una pulsera.<br>Necesitamos <strong>432 pulseras<\/strong> para conseguir que Mouhamed tenga fisioterapia durante un a\u00f1o.<br><br>Peque\u00f1o gesto.<br>Gran cambio.<br><br>Porque esto no va de salvar el mundo.<br>Va de cambiar el mundo de alguien.\u00a0<br><br>Y aqu\u00ed, en cal Fregues, lo tenemos claro:<br>everybody needs a frega\u2026 pero algunos, de verdad, la necesitan m\u00e1s.<\/p>\n<\/div>\n\n\n\n<div class=\"wp-block-column relative-wrapper is-layout-flow wp-block-column-is-layout-flow\"><div id=\"gutenslider-rifsolpa8\" class=\"wp-block-eedee-block-gutenslider gs-frontend content-change alignnone arrow-style-1 arrow-position-sides arrow-mb-none arrows-lg-none arrows-md-none arrows-sm-none dot-style-1 dots-lg dots-md dots-sm dot-position-bottom is-position-center-center mb-none wrap-auto-height\" data-parallax-direction=\"down\" data-parallax-amount=\"1.3\" data-lg-transition=\"lg-slide\" data-hash=\"\"><div class=\"eedee-swiper-outer\" style=\"--gutenslider-min-height: 100px;--gutenslider-arrow-size: 30px;--gutenslider-dot-size: 25px;--gutenslider-arrow-color: #ffffff;--gutenslider-dot-color: #ffffff;--gutenslider-padding-y-mobile: 40px;--gutenslider-padding-x-mobile: 40px;--gutenslider-padding-y-tablet: 40px;--gutenslider-padding-x-tablet: 40px;--gutenslider-padding-y-desktop: 40px;--gutenslider-padding-x-desktop: 40px;--gutenslider-bg-image: url();--gutenslider-min-height-md: 50vh;--gutenslider-min-height-sm: 50vh;--gutenslider-padding-x: 40px;--gutenslider-padding-x-md: 40px;--gutenslider-padding-x-sm: 20px;--gutenslider-padding-y: 40px;--gutenslider-padding-y-md: 40px;--gutenslider-padding-y-sm: 20px;--gutenslider-arrow-size-md: 30px;--gutenslider-arrow-size-sm: 30px;--gutenslider-dot-size-md: 25px;--gutenslider-dot-size-sm: 25px;--gutenslider-arrow-bg-color: transparent;--gutenslider-arrow-hover-color: #eeeeee;--gutenslider-arrow-bg-hover-color: transparent;--gutenslider-arrow-x-offset: 10px;--gutenslider-arrow-x-offset-md: 10px;--gutenslider-arrow-x-offset-sm: 10px;--gutenslider-arrow-y-offset: 0px;--gutenslider-arrow-y-offset-md: 0px;--gutenslider-arrow-y-offset-sm: 0px;--gutenslider-arrow-x-spacing: 0px;--gutenslider-dot-y-offset: 25px;--gutenslider-dot-y-offset-md: 25px;--gutenslider-dot-y-offset-sm: 25px;--gutenslider-margin-x: 0px;--gutenslider-margin-x-md: 0px;--gutenslider-margin-x-sm: 0px;--gutenslider-margin-y: 0px;--gutenslider-margin-y-md: 0px;--gutenslider-margin-y-sm: 0px;--gutenslider-divider-top: 60px;--gutenslider-divider-bottom: 60px;--gutenslider-lightgallery-bg: #ffffff;--gutenslider-lightgallery-font: #000000;--gs-first-pos: 50% 50%;--gs-gap-vertical: var( --wp--style--gallery-gap-default, var( --gallery-block--gutter-size, var( --wp--style--block-gap, 0.5em ) ) );--gs-gap-horizontal: var( --wp--style--gallery-gap-default, var( --gallery-block--gutter-size, var( --wp--style--block-gap, 0.5em ) ) );\"><div class=\"gutenslider-divider-top\" style=\"color:#fff;\"><\/div><div class=\"swiper\" data-settings='{\"autoplay\":false,\"speed\":700,\"direction\":\"horizontal\",\"autoHeight\":\"\",\"loop\":false,\"centeredSlides\":true,\"spaceBetween\":0,\"slidesPerView\":1,\"slidesPerGroup\":1,\"effect\":\"slide\",\"coverflowEffect\":{\"rotate\":30,\"slideShadows\":false,\"depth\":100,\"stretch\":50,\"modifier\":1},\"fadeEffect\":{\"crossFade\":true},\"zoom\":\"\",\"navigation\":{\"nextEl\":\"#gutenslider-rifsolpa8 .eedee-gutenslider-next\",\"prevEl\":\"#gutenslider-rifsolpa8 .eedee-gutenslider-prev\"},\"pagination\":{\"type\":\"bullets\",\"clickable\":true,\"dynamicBullets\":false,\"el\":\"#gutenslider-rifsolpa8 .eedee-gutenslider-pagination\"},\"pauseOnHover\":\"1\",\"watchSlidesProgress\":true,\"watchSlidesVisibility\":true,\"settingsMd\":{\"autoHeight\":\"\",\"slidesPerView\":1,\"slidesPerGroup\":1,\"spaceBetween\":0,\"loop\":false},\"settingsLg\":{\"autoHeight\":\"\",\"slidesPerView\":1,\"slidesPerGroup\":1,\"spaceBetween\":0,\"loop\":false},\"hasLg\":false,\"hasLgCounter\":true,\"isFullScreen\":false,\"arrowsFollowMouse\":false,\"lgTitle\":\"none\",\"lgCaption\":\"none\",\"lgThumbnails\":true,\"lgZoomEnabled\":false,\"keyboard\":{\"keyboard\":{\"enabled\":true,\"onlyInViewport\":true}},\"hashNavigation\":false,\"dividers\":false}'><div class=\"swiper-wrapper\">\n<div class=\"swiper-slide wp-block-eedee-block-gutenslide is-position-center-center ed-bg-none\" style=\"--slide-min-width:80%;\" data-hash=\"\"><div class=\"eedee-background-div no-media-background\"><div class=\"eedee-background-div__overlay\" style=\"opacity:1;\"><\/div><\/div><div class=\"slide-content\">\n\n<figure class=\"wp-block-image size-full\"><img loading=\"lazy\" decoding=\"async\" width=\"1272\" height=\"1423\" src=\"https:\/\/www.calfregues.com\/wp-content\/uploads\/2026\/04\/projecte-solidari-4.png\" alt=\"\" class=\"wp-image-7694\" srcset=\"https:\/\/www.calfregues.com\/wp-content\/uploads\/2026\/04\/projecte-solidari-4.png 1272w, https:\/\/www.calfregues.com\/wp-content\/uploads\/2026\/04\/projecte-solidari-4-268x300.png 268w, https:\/\/www.calfregues.com\/wp-content\/uploads\/2026\/04\/projecte-solidari-4-915x1024.png 915w, https:\/\/www.calfregues.com\/wp-content\/uploads\/2026\/04\/projecte-solidari-4-768x859.png 768w, https:\/\/www.calfregues.com\/wp-content\/uploads\/2026\/04\/projecte-solidari-4-50x56.png 50w, https:\/\/www.calfregues.com\/wp-content\/uploads\/2026\/04\/projecte-solidari-4-330x370.png 330w\" sizes=\"auto, (max-width: 1272px) 100vw, 1272px\" \/><\/figure>\n\n<\/div><\/div>\n<\/div><\/div><button class=\"eedee-gutenslider-nav eedee-gutenslider-prev\"><svg xmlns=\"http:\/\/www.w3.org\/2000\/svg\" viewbox=\"0 0 24 24\" width=\"24\" height=\"24\"><circle class=\"bg\" cx=\"13\" cy=\"12\" r=\"11\"><\/circle><path fill=\"none\" d=\"M0 0h24v24H0z\"><\/path><path class=\"arrow\" d=\"M10.828 12l4.95 4.95-1.414 1.414L8 12l6.364-6.364 1.414 1.414z\"><\/path><\/svg><\/button><button class=\"eedee-gutenslider-nav eedee-gutenslider-next\"><svg xmlns=\"http:\/\/www.w3.org\/2000\/svg\" viewbox=\"0 0 24 24\" width=\"24\" height=\"24\"><circle class=\"bg\" cx=\"11\" cy=\"12\" r=\"11\"><\/circle><path fill=\"none\" d=\"M0 0h24v24H0z\"><\/path><path class=\"arrow\" d=\"M13.172 12l-4.95-4.95 1.414-1.414L16 12l-6.364 6.364-1.414-1.414z\"><\/path><\/svg><\/button><div class=\"eedee-gutenslider-pagination\"><\/div><div class=\"gutenslider-divider-bottom \" style=\"color:#fff;\"><\/div><\/div><\/div>\n\n\n<div class=\"wp-block-group unset-position is-layout-constrained wp-block-group-is-layout-constrained\"><img decoding=\"async\" draggable=\"true\" class=\"sticker z-20 m-0 absolute cursor-grab w-24 md:w-32 lg:w-36 inset-y-1\/2 inset-x-2\/4 \" src=\"https:\/\/www.calfregues.com\/wp-content\/uploads\/2026\/04\/solidari-sticker01.png\" alt=\"sticker\" style=\"transform: translate(-50%, -50%) rotate(0deg); margin:0!important; top: 0%;left: 90%\">\n\n\n<img decoding=\"async\" draggable=\"true\" class=\"sticker z-20 m-0 absolute cursor-grab w-24 md:w-32 lg:w-36 inset-y-1\/2 inset-x-2\/4 \" src=\"https:\/\/www.calfregues.com\/wp-content\/uploads\/2026\/04\/solidari-sticker02-esp-2.png\" alt=\"sticker\" style=\"transform: translate(-50%, -50%) rotate(0deg); margin:0!important; top: 90%;left: 10%\">\n<\/div>\n\n\n\n<p class=\"has-text-align-right fade fadeOut\">Venta en cal Fregues Vilafranca y Sitges<\/p>\n<\/div>\n<\/div>\n\n\n\n<div style=\"height:60px\" aria-hidden=\"true\" class=\"wp-block-spacer\"><\/div>\n<\/div>\n","protected":false},"excerpt":{"rendered":"<p>2\u20ac pueden ser el inicio.Pulseras solidarias proyecto TAWFEKH. Proyecto SolidarioTAWFEKH Fisioterapia que cambia vidas Hay cosas que cuando las ves\u2026 ya no puedes mirar hacia otro lado. En Catalunya tenemos 1 fisioterapeuta por cada 800 personas.En Senegal, 1 por cada 170.000. La par\u00e1lisis cerebral afecta hasta 4 de cada 1.000 nacimientos en el mundo.Y en [&hellip;]<\/p>\n","protected":false},"author":1,"featured_media":0,"parent":0,"menu_order":0,"comment_status":"closed","ping_status":"closed","template":"","meta":{"_acf_changed":false,"footnotes":""},"class_list":["post-7733","page","type-page","status-publish","hentry"],"acf":[],"yoast_head":"<!-- This site is optimized with the Yoast SEO plugin v27.4 - https:\/\/yoast.com\/product\/yoast-seo-wordpress\/ -->\n<title>Proyecto solidario | cal Fregues<\/title>\n<meta name=\"robots\" content=\"index, follow, max-snippet:-1, max-image-preview:large, max-video-preview:-1\" \/>\n<link rel=\"canonical\" href=\"https:\/\/www.calfregues.com\/es\/proyecto-solidario\/\" \/>\n<meta property=\"og:locale\" content=\"es_ES\" \/>\n<meta property=\"og:type\" content=\"article\" \/>\n<meta property=\"og:title\" content=\"Proyecto solidario | cal Fregues\" \/>\n<meta property=\"og:description\" content=\"2\u20ac pueden ser el inicio.Pulseras solidarias proyecto TAWFEKH. Proyecto SolidarioTAWFEKH Fisioterapia que cambia vidas Hay cosas que cuando las ves\u2026 ya no puedes mirar hacia otro lado. En Catalunya tenemos 1 fisioterapeuta por cada 800 personas.En Senegal, 1 por cada 170.000. La par\u00e1lisis cerebral afecta hasta 4 de cada 1.000 nacimientos en el mundo.Y en [&hellip;]\" \/>\n<meta property=\"og:url\" content=\"https:\/\/www.calfregues.com\/es\/proyecto-solidario\/\" \/>\n<meta property=\"og:site_name\" content=\"cal Fregues\" \/>\n<meta property=\"article:publisher\" content=\"https:\/\/www.facebook.com\/calfregues\" \/>\n<meta property=\"article:modified_time\" content=\"2026-04-20T14:35:11+00:00\" \/>\n<meta property=\"og:image\" content=\"https:\/\/www.calfregues.com\/wp-content\/uploads\/2026\/04\/projecte-solidari-4-915x1024.png\" \/>\n\t<meta property=\"og:image:width\" content=\"915\" \/>\n\t<meta property=\"og:image:height\" content=\"1024\" \/>\n\t<meta property=\"og:image:type\" content=\"image\/png\" \/>\n<meta name=\"twitter:card\" content=\"summary_large_image\" \/>\n<meta name=\"twitter:label1\" content=\"Tiempo de lectura\" \/>\n\t<meta name=\"twitter:data1\" content=\"2 minutos\" \/>\n<script type=\"application\/ld+json\" class=\"yoast-schema-graph\">{\"@context\":\"https:\\\/\\\/schema.org\",\"@graph\":[{\"@type\":\"WebPage\",\"@id\":\"https:\\\/\\\/www.calfregues.com\\\/es\\\/proyecto-solidario\\\/\",\"url\":\"https:\\\/\\\/www.calfregues.com\\\/es\\\/proyecto-solidario\\\/\",\"name\":\"Proyecto solidario | cal Fregues\",\"isPartOf\":{\"@id\":\"https:\\\/\\\/www.calfregues.com\\\/es\\\/#website\"},\"primaryImageOfPage\":{\"@id\":\"https:\\\/\\\/www.calfregues.com\\\/es\\\/proyecto-solidario\\\/#primaryimage\"},\"image\":{\"@id\":\"https:\\\/\\\/www.calfregues.com\\\/es\\\/proyecto-solidario\\\/#primaryimage\"},\"thumbnailUrl\":\"https:\\\/\\\/www.calfregues.com\\\/wp-content\\\/uploads\\\/2026\\\/04\\\/projecte-solidari-4.png\",\"datePublished\":\"2026-04-18T10:49:24+00:00\",\"dateModified\":\"2026-04-20T14:35:11+00:00\",\"breadcrumb\":{\"@id\":\"https:\\\/\\\/www.calfregues.com\\\/es\\\/proyecto-solidario\\\/#breadcrumb\"},\"inLanguage\":\"es\",\"potentialAction\":[{\"@type\":\"ReadAction\",\"target\":[\"https:\\\/\\\/www.calfregues.com\\\/es\\\/proyecto-solidario\\\/\"]}]},{\"@type\":\"ImageObject\",\"inLanguage\":\"es\",\"@id\":\"https:\\\/\\\/www.calfregues.com\\\/es\\\/proyecto-solidario\\\/#primaryimage\",\"url\":\"https:\\\/\\\/www.calfregues.com\\\/wp-content\\\/uploads\\\/2026\\\/04\\\/projecte-solidari-4.png\",\"contentUrl\":\"https:\\\/\\\/www.calfregues.com\\\/wp-content\\\/uploads\\\/2026\\\/04\\\/projecte-solidari-4.png\"},{\"@type\":\"BreadcrumbList\",\"@id\":\"https:\\\/\\\/www.calfregues.com\\\/es\\\/proyecto-solidario\\\/#breadcrumb\",\"itemListElement\":[{\"@type\":\"ListItem\",\"position\":1,\"name\":\"Inici\",\"item\":\"https:\\\/\\\/www.calfregues.com\\\/es\\\/\"},{\"@type\":\"ListItem\",\"position\":2,\"name\":\"Proyecto solidario\"}]},{\"@type\":\"WebSite\",\"@id\":\"https:\\\/\\\/www.calfregues.com\\\/es\\\/#website\",\"url\":\"https:\\\/\\\/www.calfregues.com\\\/es\\\/\",\"name\":\"cal Fregues\",\"description\":\"Som artesans del cos\",\"publisher\":{\"@id\":\"https:\\\/\\\/www.calfregues.com\\\/es\\\/#organization\"},\"potentialAction\":[{\"@type\":\"SearchAction\",\"target\":{\"@type\":\"EntryPoint\",\"urlTemplate\":\"https:\\\/\\\/www.calfregues.com\\\/es\\\/?s={search_term_string}\"},\"query-input\":{\"@type\":\"PropertyValueSpecification\",\"valueRequired\":true,\"valueName\":\"search_term_string\"}}],\"inLanguage\":\"es\"},{\"@type\":\"Organization\",\"@id\":\"https:\\\/\\\/www.calfregues.com\\\/es\\\/#organization\",\"name\":\"cal Fregues\",\"url\":\"https:\\\/\\\/www.calfregues.com\\\/es\\\/\",\"logo\":{\"@type\":\"ImageObject\",\"inLanguage\":\"es\",\"@id\":\"https:\\\/\\\/www.calfregues.com\\\/es\\\/#\\\/schema\\\/logo\\\/image\\\/\",\"url\":\"https:\\\/\\\/www.calfregues.com\\\/wp-content\\\/uploads\\\/2023\\\/05\\\/calfregueslogo-1.png\",\"contentUrl\":\"https:\\\/\\\/www.calfregues.com\\\/wp-content\\\/uploads\\\/2023\\\/05\\\/calfregueslogo-1.png\",\"width\":9164,\"height\":6636,\"caption\":\"cal Fregues\"},\"image\":{\"@id\":\"https:\\\/\\\/www.calfregues.com\\\/es\\\/#\\\/schema\\\/logo\\\/image\\\/\"},\"sameAs\":[\"https:\\\/\\\/www.facebook.com\\\/calfregues\",\"https:\\\/\\\/www.instagram.com\\\/calfregues\\\/\",\"https:\\\/\\\/www.linkedin.com\\\/company\\\/cal-fregues\\\/\"]}]}<\/script>\n<!-- \/ Yoast SEO plugin. -->","yoast_head_json":{"title":"Proyecto solidario | cal Fregues","robots":{"index":"index","follow":"follow","max-snippet":"max-snippet:-1","max-image-preview":"max-image-preview:large","max-video-preview":"max-video-preview:-1"},"canonical":"https:\/\/www.calfregues.com\/es\/proyecto-solidario\/","og_locale":"es_ES","og_type":"article","og_title":"Proyecto solidario | cal Fregues","og_description":"2\u20ac pueden ser el inicio.Pulseras solidarias proyecto TAWFEKH. Proyecto SolidarioTAWFEKH Fisioterapia que cambia vidas Hay cosas que cuando las ves\u2026 ya no puedes mirar hacia otro lado. En Catalunya tenemos 1 fisioterapeuta por cada 800 personas.En Senegal, 1 por cada 170.000. La par\u00e1lisis cerebral afecta hasta 4 de cada 1.000 nacimientos en el mundo.Y en [&hellip;]","og_url":"https:\/\/www.calfregues.com\/es\/proyecto-solidario\/","og_site_name":"cal Fregues","article_publisher":"https:\/\/www.facebook.com\/calfregues","article_modified_time":"2026-04-20T14:35:11+00:00","og_image":[{"width":915,"height":1024,"url":"https:\/\/www.calfregues.com\/wp-content\/uploads\/2026\/04\/projecte-solidari-4-915x1024.png","type":"image\/png"}],"twitter_card":"summary_large_image","twitter_misc":{"Tiempo de lectura":"2 minutos"},"schema":{"@context":"https:\/\/schema.org","@graph":[{"@type":"WebPage","@id":"https:\/\/www.calfregues.com\/es\/proyecto-solidario\/","url":"https:\/\/www.calfregues.com\/es\/proyecto-solidario\/","name":"Proyecto solidario | cal Fregues","isPartOf":{"@id":"https:\/\/www.calfregues.com\/es\/#website"},"primaryImageOfPage":{"@id":"https:\/\/www.calfregues.com\/es\/proyecto-solidario\/#primaryimage"},"image":{"@id":"https:\/\/www.calfregues.com\/es\/proyecto-solidario\/#primaryimage"},"thumbnailUrl":"https:\/\/www.calfregues.com\/wp-content\/uploads\/2026\/04\/projecte-solidari-4.png","datePublished":"2026-04-18T10:49:24+00:00","dateModified":"2026-04-20T14:35:11+00:00","breadcrumb":{"@id":"https:\/\/www.calfregues.com\/es\/proyecto-solidario\/#breadcrumb"},"inLanguage":"es","potentialAction":[{"@type":"ReadAction","target":["https:\/\/www.calfregues.com\/es\/proyecto-solidario\/"]}]},{"@type":"ImageObject","inLanguage":"es","@id":"https:\/\/www.calfregues.com\/es\/proyecto-solidario\/#primaryimage","url":"https:\/\/www.calfregues.com\/wp-content\/uploads\/2026\/04\/projecte-solidari-4.png","contentUrl":"https:\/\/www.calfregues.com\/wp-content\/uploads\/2026\/04\/projecte-solidari-4.png"},{"@type":"BreadcrumbList","@id":"https:\/\/www.calfregues.com\/es\/proyecto-solidario\/#breadcrumb","itemListElement":[{"@type":"ListItem","position":1,"name":"Inici","item":"https:\/\/www.calfregues.com\/es\/"},{"@type":"ListItem","position":2,"name":"Proyecto solidario"}]},{"@type":"WebSite","@id":"https:\/\/www.calfregues.com\/es\/#website","url":"https:\/\/www.calfregues.com\/es\/","name":"cal Fregues","description":"Som artesans del cos","publisher":{"@id":"https:\/\/www.calfregues.com\/es\/#organization"},"potentialAction":[{"@type":"SearchAction","target":{"@type":"EntryPoint","urlTemplate":"https:\/\/www.calfregues.com\/es\/?s={search_term_string}"},"query-input":{"@type":"PropertyValueSpecification","valueRequired":true,"valueName":"search_term_string"}}],"inLanguage":"es"},{"@type":"Organization","@id":"https:\/\/www.calfregues.com\/es\/#organization","name":"cal Fregues","url":"https:\/\/www.calfregues.com\/es\/","logo":{"@type":"ImageObject","inLanguage":"es","@id":"https:\/\/www.calfregues.com\/es\/#\/schema\/logo\/image\/","url":"https:\/\/www.calfregues.com\/wp-content\/uploads\/2023\/05\/calfregueslogo-1.png","contentUrl":"https:\/\/www.calfregues.com\/wp-content\/uploads\/2023\/05\/calfregueslogo-1.png","width":9164,"height":6636,"caption":"cal Fregues"},"image":{"@id":"https:\/\/www.calfregues.com\/es\/#\/schema\/logo\/image\/"},"sameAs":["https:\/\/www.facebook.com\/calfregues","https:\/\/www.instagram.com\/calfregues\/","https:\/\/www.linkedin.com\/company\/cal-fregues\/"]}]}},"_links":{"self":[{"href":"https:\/\/www.calfregues.com\/es\/wp-json\/wp\/v2\/pages\/7733","targetHints":{"allow":["GET"]}}],"collection":[{"href":"https:\/\/www.calfregues.com\/es\/wp-json\/wp\/v2\/pages"}],"about":[{"href":"https:\/\/www.calfregues.com\/es\/wp-json\/wp\/v2\/types\/page"}],"author":[{"embeddable":true,"href":"https:\/\/www.calfregues.com\/es\/wp-json\/wp\/v2\/users\/1"}],"replies":[{"embeddable":true,"href":"https:\/\/www.calfregues.com\/es\/wp-json\/wp\/v2\/comments?post=7733"}],"version-history":[{"count":17,"href":"https:\/\/www.calfregues.com\/es\/wp-json\/wp\/v2\/pages\/7733\/revisions"}],"predecessor-version":[{"id":7774,"href":"https:\/\/www.calfregues.com\/es\/wp-json\/wp\/v2\/pages\/7733\/revisions\/7774"}],"wp:attachment":[{"href":"https:\/\/www.calfregues.com\/es\/wp-json\/wp\/v2\/media?parent=7733"}],"curies":[{"name":"wp","href":"https:\/\/api.w.org\/{rel}","templated":true}]}}